{"id":1014,"date":"2015-04-09T09:16:35","date_gmt":"2015-04-09T09:16:35","guid":{"rendered":"https:\/\/biofood.se\/?page_id=1014"},"modified":"2026-05-07T15:20:58","modified_gmt":"2026-05-07T13:20:58","slug":"var-historia","status":"publish","type":"page","link":"http:\/\/biofood.se\/en\/om-oss\/var-historia\/","title":{"rendered":"Our history, vision and responsibilities"},"content":{"rendered":"<ul>\n<li>Biofood is a food importer and distributor. The company has 35 years of experience in importing and selling organic food.<\/li>\n<li>It all started when Denny Abrahamsson, a pioneer in organic food, started an organic grocery store in the early 80s, which still exists in the south, Gryningen H\u00e4lsokost AB.<\/li>\n<li>Denny traveled around Europe and bought organic food that was not available in Sweden at the time. More and more stores contacted Denny and wanted to buy his products and sell in their stores. That's how the company Biofood was born, a wholesaler of organic food.<\/li>\n<li>Since then, Biofood has sold organic foods to various markets, and as the interest in organic has increased in Sweden, Biofood has also grown.<\/li>\n<\/ul>\n<p class=\"paragraph_style_2\">Our customers are usually retailers, but if you are a private person who is interested in our assortment, you can find our products near you at our\u00a0<a href=\"https:\/\/biofood.se\/en\/aterforsaljare\/hitta-aterforsaljare\/\" target=\"_blank\" rel=\"noopener\">list of retailers!<\/a><\/p>\n<p>&nbsp;<\/p>\n<p>V\u00c5R MISSION<\/p>\n<p><em>V\u00e5r mission \u00e4r att skapa h\u00e4lsa f\u00f6r b\u00e5de konsumenter, djuren och naturen genom de h\u00e5llbara och ekologiska produkter vi s\u00e4ljer och erbjuder. F\u00f6r oss i Biofood \u00e4r ekologiskt odlat prioriterat. Ekologisk odling \u00e4r lika med biologisk m\u00e5ngfald och en f\u00f6ruts\u00e4ttning f\u00f6r l\u00e5ngsiktig h\u00e4lsa p\u00e5 v\u00e5r planet.<\/p>\n<p>Vi i Biofood lyfter ocks\u00e5 g\u00e4rna humlorna som en symbol f\u00f6r ekologisk odling, humlorna \u00e4r bland de viktigaste pollinerarna vi har p\u00e5 jorden, de \u00e4r livsviktiga f\u00f6r v\u00e5r framtid och samtidigt \u00e4r de mycket k\u00e4nsliga f\u00f6r gifter i naturen.<\/em><\/p>\n<p><em><br \/>\nV\u00c5R VISSION<\/em><\/p>\n<p><em><br \/>\nVi har en vision i Biofood om allas lika v\u00e4rde. Genom v\u00e5rt sortiment av Fairtrade-produkter bidrar vi till en mer r\u00e4ttvis v\u00e4rld.<br \/>\nV\u00e5r distribution str\u00e4cker sig \u00f6ver hela landet och \u00e4ven \u00f6vriga Norden med snabba leveranser varje vardag.<\/p>\n<p>I detta nu h\u00e5ller vi p\u00e5 att ta fram v\u00e5r nya produktkatalog d\u00e4r vi vill inspirera och ber\u00e4tta om alla fina produkter vi erbjuder.<br \/>\nVi finns f\u00f6r dig om du har fr\u00e5gor eller beh\u00f6ver hj\u00e4lp runt sortimentet f\u00f6r just din verksamhet, h\u00f6r bara av dig till oss via mail eller telefon. Varmt v\u00e4lkommen till Biofood. Vi \u00f6nskar dig mycket inspiration och trevlig l\u00e4sning! Eat good \u2013 feel fine!\u00a0<\/em><\/p>","protected":false},"excerpt":{"rendered":"<p>Biofood \u00e4r en livsmedelsimport\u00f6r och -distribut\u00f6r. F\u00f6retaget har 35 \u00e5rs erfarenhet av import och f\u00f6rs\u00e4ljning av ekologiska livsmedel. Allt b\u00f6rjade med att Denny Abrahamsson, en pionj\u00e4r inom ekologisk mat, startade under tidigt 80-tal en ekologisk livsmedelsbutik, som fortfarande finns kvar p\u00e5 s\u00f6der, Gryningen H\u00e4lsokost AB. Denny reste runt i Europa och k\u00f6pte in ekologiska livsmedel [&hellip;]<\/p>\n","protected":false},"author":13,"featured_media":0,"parent":27,"menu_order":0,"comment_status":"open","ping_status":"open","template":"","meta":{"footnotes":""},"class_list":["post-1014","page","type-page","status-publish","hentry"],"_links":{"self":[{"href":"http:\/\/biofood.se\/en\/wp-json\/wp\/v2\/pages\/1014","targetHints":{"allow":["GET"]}}],"collection":[{"href":"http:\/\/biofood.se\/en\/wp-json\/wp\/v2\/pages"}],"about":[{"href":"http:\/\/biofood.se\/en\/wp-json\/wp\/v2\/types\/page"}],"author":[{"embeddable":true,"href":"http:\/\/biofood.se\/en\/wp-json\/wp\/v2\/users\/13"}],"replies":[{"embeddable":true,"href":"http:\/\/biofood.se\/en\/wp-json\/wp\/v2\/comments?post=1014"}],"version-history":[{"count":13,"href":"http:\/\/biofood.se\/en\/wp-json\/wp\/v2\/pages\/1014\/revisions"}],"predecessor-version":[{"id":29377,"href":"http:\/\/biofood.se\/en\/wp-json\/wp\/v2\/pages\/1014\/revisions\/29377"}],"up":[{"embeddable":true,"href":"http:\/\/biofood.se\/en\/wp-json\/wp\/v2\/pages\/27"}],"wp:attachment":[{"href":"http:\/\/biofood.se\/en\/wp-json\/wp\/v2\/media?parent=1014"}],"curies":[{"name":"wp","href":"https:\/\/api.w.org\/{rel}","templated":true}]}}