{"id":17587,"date":"2024-08-09T11:56:13","date_gmt":"2024-08-09T09:56:13","guid":{"rendered":"https:\/\/biofood.se\/?page_id=17587"},"modified":"2024-08-09T13:28:51","modified_gmt":"2024-08-09T11:28:51","slug":"bilder_lager","status":"publish","type":"page","link":"http:\/\/biofood.se\/en\/inspirationssida\/bilder_lager\/","title":{"rendered":"Pictures from the warehouse"},"content":{"rendered":"<p>Here are a couple of lovely pictures from our warehouse in Jordbro, south of Stockholm.<\/p>\n\n\n\n<div class=\"wp-block-columns is-layout-flex wp-container-core-columns-is-layout-9d6595d7 wp-block-columns-is-layout-flex\">\n<div class=\"wp-block-column is-layout-flow wp-block-column-is-layout-flow\"><div class=\"wp-block-image\">\n<figure class=\"aligncenter size-large\"><a href=\"https:\/\/biofooddistribution.se\/\" target=\"_blank\" rel=\"noreferrer noopener\"><img loading=\"lazy\" decoding=\"async\" width=\"600\" height=\"342\" src=\"https:\/\/biofood.se\/wp-content\/uploads\/Lagret-med-solceller-2-600x342.jpg\" alt=\"\" class=\"wp-image-17588\" style=\"aspect-ratio:16\/9;object-fit:cover\" srcset=\"https:\/\/biofood.se\/wp-content\/uploads\/Lagret-med-solceller-2-600x342.jpg 600w, https:\/\/biofood.se\/wp-content\/uploads\/Lagret-med-solceller-2-213x121.jpg 213w, https:\/\/biofood.se\/wp-content\/uploads\/Lagret-med-solceller-2-768x438.jpg 768w, https:\/\/biofood.se\/wp-content\/uploads\/Lagret-med-solceller-2-1536x876.jpg 1536w, https:\/\/biofood.se\/wp-content\/uploads\/Lagret-med-solceller-2-18x10.jpg 18w, https:\/\/biofood.se\/wp-content\/uploads\/Lagret-med-solceller-2-680x388.jpg 680w, https:\/\/biofood.se\/wp-content\/uploads\/Lagret-med-solceller-2-150x86.jpg 150w, https:\/\/biofood.se\/wp-content\/uploads\/Lagret-med-solceller-2.jpg 1712w\" sizes=\"auto, (max-width: 600px) 100vw, 600px\" \/><\/a><\/figure>\n<\/div>\n\n\n<p class=\"has-text-align-center\"><em>For more information about our warehouse and Biofood Distribution, click on the picture above.<\/em><\/p>\n<\/div>\n<\/div>\n\n\n\n<div class=\"wp-block-columns is-layout-flex wp-container-core-columns-is-layout-9d6595d7 wp-block-columns-is-layout-flex\">\n<div class=\"wp-block-column is-layout-flow wp-block-column-is-layout-flow\">\n<figure data-wp-context=\"{&quot;imageId&quot;:&quot;69e4961029635&quot;}\" data-wp-interactive=\"core\/image\" data-wp-key=\"69e4961029635\" class=\"wp-block-image size-full wp-lightbox-container\"><img loading=\"lazy\" decoding=\"async\" width=\"1691\" height=\"1268\" data-wp-class--hide=\"state.isContentHidden\" data-wp-class--show=\"state.isContentVisible\" data-wp-init=\"callbacks.setButtonStyles\" data-wp-on--click=\"actions.showLightbox\" data-wp-on--load=\"callbacks.setButtonStyles\" data-wp-on-window--resize=\"callbacks.setButtonStyles\" src=\"https:\/\/biofood.se\/wp-content\/uploads\/Lagret-edited.jpg\" alt=\"\" class=\"wp-image-17599\" style=\"aspect-ratio:4\/3;object-fit:cover\" srcset=\"https:\/\/biofood.se\/wp-content\/uploads\/Lagret-edited.jpg 1691w, https:\/\/biofood.se\/wp-content\/uploads\/Lagret-edited-213x160.jpg 213w, https:\/\/biofood.se\/wp-content\/uploads\/Lagret-edited-600x450.jpg 600w, https:\/\/biofood.se\/wp-content\/uploads\/Lagret-edited-768x576.jpg 768w, https:\/\/biofood.se\/wp-content\/uploads\/Lagret-edited-1536x1152.jpg 1536w, https:\/\/biofood.se\/wp-content\/uploads\/Lagret-edited-16x12.jpg 16w, https:\/\/biofood.se\/wp-content\/uploads\/Lagret-edited-680x510.jpg 680w, https:\/\/biofood.se\/wp-content\/uploads\/Lagret-edited-150x112.jpg 150w\" sizes=\"auto, (max-width: 1691px) 100vw, 1691px\" \/><button\n\t\t\tclass=\"lightbox-trigger\"\n\t\t\ttype=\"button\"\n\t\t\taria-haspopup=\"dialog\"\n\t\t\taria-label=\"Enlarge\"\n\t\t\tdata-wp-init=\"callbacks.initTriggerButton\"\n\t\t\tdata-wp-on--click=\"actions.showLightbox\"\n\t\t\tdata-wp-style--right=\"state.imageButtonRight\"\n\t\t\tdata-wp-style--top=\"state.imageButtonTop\"\n\t\t>\n\t\t\t<svg xmlns=\"http:\/\/www.w3.org\/2000\/svg\" width=\"12\" height=\"12\" fill=\"none\" viewbox=\"0 0 12 12\">\n\t\t\t\t<path fill=\"#fff\" d=\"M2 0a2 2 0 0 0-2 2v2h1.5V2a.5.5 0 0 1 .5-.5h2V0H2Zm2 10.5H2a.5.5 0 0 1-.5-.5V8H0v2a2 2 0 0 0 2 2h2v-1.5ZM8 12v-1.5h2a.5.5 0 0 0 .5-.5V8H12v2a2 2 0 0 1-2 2H8Zm2-12a2 2 0 0 1 2 2v2h-1.5V2a.5.5 0 0 0-.5-.5H8V0h2Z\" \/>\n\t\t\t<\/svg>\n\t\t<\/button><\/figure>\n\n\n\n<p class=\"has-text-align-center\"><em>Our warehouse is 1875 m\u00b2 in size and has a ceiling height of 16 meters<\/em><\/p>\n<\/div>\n\n\n\n<div class=\"wp-block-column is-layout-flow wp-block-column-is-layout-flow\">\n<figure data-wp-context=\"{&quot;imageId&quot;:&quot;69e4961029ea5&quot;}\" data-wp-interactive=\"core\/image\" data-wp-key=\"69e4961029ea5\" class=\"wp-block-image size-large wp-lightbox-container\"><img loading=\"lazy\" decoding=\"async\" width=\"1333\" height=\"1001\" data-wp-class--hide=\"state.isContentHidden\" data-wp-class--show=\"state.isContentVisible\" data-wp-init=\"callbacks.setButtonStyles\" data-wp-on--click=\"actions.showLightbox\" data-wp-on--load=\"callbacks.setButtonStyles\" data-wp-on-window--resize=\"callbacks.setButtonStyles\" src=\"https:\/\/biofood.se\/wp-content\/uploads\/Tag-edited.jpg\" alt=\"\" class=\"wp-image-17598\" style=\"aspect-ratio:4\/3;object-fit:cover\" srcset=\"https:\/\/biofood.se\/wp-content\/uploads\/Tag-edited.jpg 1333w, https:\/\/biofood.se\/wp-content\/uploads\/Tag-edited-213x160.jpg 213w, https:\/\/biofood.se\/wp-content\/uploads\/Tag-edited-600x451.jpg 600w, https:\/\/biofood.se\/wp-content\/uploads\/Tag-edited-768x577.jpg 768w, https:\/\/biofood.se\/wp-content\/uploads\/Tag-edited-16x12.jpg 16w, https:\/\/biofood.se\/wp-content\/uploads\/Tag-edited-680x511.jpg 680w, https:\/\/biofood.se\/wp-content\/uploads\/Tag-edited-150x113.jpg 150w\" sizes=\"auto, (max-width: 1333px) 100vw, 1333px\" \/><button\n\t\t\tclass=\"lightbox-trigger\"\n\t\t\ttype=\"button\"\n\t\t\taria-haspopup=\"dialog\"\n\t\t\taria-label=\"Enlarge\"\n\t\t\tdata-wp-init=\"callbacks.initTriggerButton\"\n\t\t\tdata-wp-on--click=\"actions.showLightbox\"\n\t\t\tdata-wp-style--right=\"state.imageButtonRight\"\n\t\t\tdata-wp-style--top=\"state.imageButtonTop\"\n\t\t>\n\t\t\t<svg xmlns=\"http:\/\/www.w3.org\/2000\/svg\" width=\"12\" height=\"12\" fill=\"none\" viewbox=\"0 0 12 12\">\n\t\t\t\t<path fill=\"#fff\" d=\"M2 0a2 2 0 0 0-2 2v2h1.5V2a.5.5 0 0 1 .5-.5h2V0H2Zm2 10.5H2a.5.5 0 0 1-.5-.5V8H0v2a2 2 0 0 0 2 2h2v-1.5ZM8 12v-1.5h2a.5.5 0 0 0 .5-.5V8H12v2a2 2 0 0 1-2 2H8Zm2-12a2 2 0 0 1 2 2v2h-1.5V2a.5.5 0 0 0-.5-.5H8V0h2Z\" \/>\n\t\t\t<\/svg>\n\t\t<\/button><\/figure>\n\n\n\n<p class=\"has-text-align-center\"><em>Access to railway tracks<br><\/em><\/p>\n<\/div>\n<\/div>\n\n\n\n<div class=\"wp-block-columns is-layout-flex wp-container-core-columns-is-layout-9d6595d7 wp-block-columns-is-layout-flex\">\n<div class=\"wp-block-column is-layout-flow wp-block-column-is-layout-flow\">\n<figure data-wp-context=\"{&quot;imageId&quot;:&quot;69e496102a7ae&quot;}\" data-wp-interactive=\"core\/image\" data-wp-key=\"69e496102a7ae\" class=\"wp-block-image size-large wp-lightbox-container\"><img loading=\"lazy\" decoding=\"async\" width=\"1360\" height=\"1019\" data-wp-class--hide=\"state.isContentHidden\" data-wp-class--show=\"state.isContentVisible\" data-wp-init=\"callbacks.setButtonStyles\" data-wp-on--click=\"actions.showLightbox\" data-wp-on--load=\"callbacks.setButtonStyles\" data-wp-on-window--resize=\"callbacks.setButtonStyles\" src=\"https:\/\/biofood.se\/wp-content\/uploads\/Kylrum-edited-1.jpg\" alt=\"\" class=\"wp-image-17597\" style=\"aspect-ratio:4\/3;object-fit:cover\" srcset=\"https:\/\/biofood.se\/wp-content\/uploads\/Kylrum-edited-1.jpg 1360w, https:\/\/biofood.se\/wp-content\/uploads\/Kylrum-edited-1-213x160.jpg 213w, https:\/\/biofood.se\/wp-content\/uploads\/Kylrum-edited-1-600x450.jpg 600w, https:\/\/biofood.se\/wp-content\/uploads\/Kylrum-edited-1-768x575.jpg 768w, https:\/\/biofood.se\/wp-content\/uploads\/Kylrum-edited-1-16x12.jpg 16w, https:\/\/biofood.se\/wp-content\/uploads\/Kylrum-edited-1-680x510.jpg 680w, https:\/\/biofood.se\/wp-content\/uploads\/Kylrum-edited-1-150x112.jpg 150w\" sizes=\"auto, (max-width: 1360px) 100vw, 1360px\" \/><button\n\t\t\tclass=\"lightbox-trigger\"\n\t\t\ttype=\"button\"\n\t\t\taria-haspopup=\"dialog\"\n\t\t\taria-label=\"Enlarge\"\n\t\t\tdata-wp-init=\"callbacks.initTriggerButton\"\n\t\t\tdata-wp-on--click=\"actions.showLightbox\"\n\t\t\tdata-wp-style--right=\"state.imageButtonRight\"\n\t\t\tdata-wp-style--top=\"state.imageButtonTop\"\n\t\t>\n\t\t\t<svg xmlns=\"http:\/\/www.w3.org\/2000\/svg\" width=\"12\" height=\"12\" fill=\"none\" viewbox=\"0 0 12 12\">\n\t\t\t\t<path fill=\"#fff\" d=\"M2 0a2 2 0 0 0-2 2v2h1.5V2a.5.5 0 0 1 .5-.5h2V0H2Zm2 10.5H2a.5.5 0 0 1-.5-.5V8H0v2a2 2 0 0 0 2 2h2v-1.5ZM8 12v-1.5h2a.5.5 0 0 0 .5-.5V8H12v2a2 2 0 0 1-2 2H8Zm2-12a2 2 0 0 1 2 2v2h-1.5V2a.5.5 0 0 0-.5-.5H8V0h2Z\" \/>\n\t\t\t<\/svg>\n\t\t<\/button><\/figure>\n\n\n\n<p class=\"has-text-align-center\"><em>128 m\u00b2 large freon-free cold room<\/em><\/p>\n<\/div>\n\n\n\n<div class=\"wp-block-column is-layout-flow wp-block-column-is-layout-flow\">\n<figure data-wp-context=\"{&quot;imageId&quot;:&quot;69e496102af0c&quot;}\" data-wp-interactive=\"core\/image\" data-wp-key=\"69e496102af0c\" class=\"wp-block-image size-large wp-lightbox-container\"><img loading=\"lazy\" decoding=\"async\" width=\"600\" height=\"450\" data-wp-class--hide=\"state.isContentHidden\" data-wp-class--show=\"state.isContentVisible\" data-wp-init=\"callbacks.setButtonStyles\" data-wp-on--click=\"actions.showLightbox\" data-wp-on--load=\"callbacks.setButtonStyles\" data-wp-on-window--resize=\"callbacks.setButtonStyles\" src=\"https:\/\/biofood.se\/wp-content\/uploads\/Lastbil-600x450.jpg\" alt=\"\" class=\"wp-image-17590\" style=\"aspect-ratio:4\/3;object-fit:cover\" srcset=\"https:\/\/biofood.se\/wp-content\/uploads\/Lastbil-600x450.jpg 600w, https:\/\/biofood.se\/wp-content\/uploads\/Lastbil-213x160.jpg 213w, https:\/\/biofood.se\/wp-content\/uploads\/Lastbil-768x576.jpg 768w, https:\/\/biofood.se\/wp-content\/uploads\/Lastbil-1536x1152.jpg 1536w, https:\/\/biofood.se\/wp-content\/uploads\/Lastbil-2048x1536.jpg 2048w, https:\/\/biofood.se\/wp-content\/uploads\/Lastbil-16x12.jpg 16w, https:\/\/biofood.se\/wp-content\/uploads\/Lastbil-680x510.jpg 680w, https:\/\/biofood.se\/wp-content\/uploads\/Lastbil-150x113.jpg 150w\" sizes=\"auto, (max-width: 600px) 100vw, 600px\" \/><button\n\t\t\tclass=\"lightbox-trigger\"\n\t\t\ttype=\"button\"\n\t\t\taria-haspopup=\"dialog\"\n\t\t\taria-label=\"Enlarge\"\n\t\t\tdata-wp-init=\"callbacks.initTriggerButton\"\n\t\t\tdata-wp-on--click=\"actions.showLightbox\"\n\t\t\tdata-wp-style--right=\"state.imageButtonRight\"\n\t\t\tdata-wp-style--top=\"state.imageButtonTop\"\n\t\t>\n\t\t\t<svg xmlns=\"http:\/\/www.w3.org\/2000\/svg\" width=\"12\" height=\"12\" fill=\"none\" viewbox=\"0 0 12 12\">\n\t\t\t\t<path fill=\"#fff\" d=\"M2 0a2 2 0 0 0-2 2v2h1.5V2a.5.5 0 0 1 .5-.5h2V0H2Zm2 10.5H2a.5.5 0 0 1-.5-.5V8H0v2a2 2 0 0 0 2 2h2v-1.5ZM8 12v-1.5h2a.5.5 0 0 0 .5-.5V8H12v2a2 2 0 0 1-2 2H8Zm2-12a2 2 0 0 1 2 2v2h-1.5V2a.5.5 0 0 0-.5-.5H8V0h2Z\" \/>\n\t\t\t<\/svg>\n\t\t<\/button><\/figure>\n\n\n\n<p class=\"has-text-align-center\"><em>Access to our own cars that use HV100<\/em><\/p>\n<\/div>\n<\/div>\n\n\n\n<div class=\"wp-block-columns is-layout-flex wp-container-core-columns-is-layout-9d6595d7 wp-block-columns-is-layout-flex\">\n<div class=\"wp-block-column is-layout-flow wp-block-column-is-layout-flow\">\n<figure data-wp-context=\"{&quot;imageId&quot;:&quot;69e496102b7a8&quot;}\" data-wp-interactive=\"core\/image\" data-wp-key=\"69e496102b7a8\" class=\"wp-block-image size-large wp-lightbox-container\"><img loading=\"lazy\" decoding=\"async\" width=\"767\" height=\"1364\" data-wp-class--hide=\"state.isContentHidden\" data-wp-class--show=\"state.isContentVisible\" data-wp-init=\"callbacks.setButtonStyles\" data-wp-on--click=\"actions.showLightbox\" data-wp-on--load=\"callbacks.setButtonStyles\" data-wp-on-window--resize=\"callbacks.setButtonStyles\" src=\"https:\/\/biofood.se\/wp-content\/uploads\/Plockhiss-edited.jpg\" alt=\"\" class=\"wp-image-17602\" style=\"aspect-ratio:9\/16;object-fit:cover\" srcset=\"https:\/\/biofood.se\/wp-content\/uploads\/Plockhiss-edited.jpg 767w, https:\/\/biofood.se\/wp-content\/uploads\/Plockhiss-edited-213x379.jpg 213w, https:\/\/biofood.se\/wp-content\/uploads\/Plockhiss-edited-600x1067.jpg 600w, https:\/\/biofood.se\/wp-content\/uploads\/Plockhiss-edited-7x12.jpg 7w, https:\/\/biofood.se\/wp-content\/uploads\/Plockhiss-edited-680x1209.jpg 680w, https:\/\/biofood.se\/wp-content\/uploads\/Plockhiss-edited-150x267.jpg 150w\" sizes=\"auto, (max-width: 767px) 100vw, 767px\" \/><button\n\t\t\tclass=\"lightbox-trigger\"\n\t\t\ttype=\"button\"\n\t\t\taria-haspopup=\"dialog\"\n\t\t\taria-label=\"Enlarge\"\n\t\t\tdata-wp-init=\"callbacks.initTriggerButton\"\n\t\t\tdata-wp-on--click=\"actions.showLightbox\"\n\t\t\tdata-wp-style--right=\"state.imageButtonRight\"\n\t\t\tdata-wp-style--top=\"state.imageButtonTop\"\n\t\t>\n\t\t\t<svg xmlns=\"http:\/\/www.w3.org\/2000\/svg\" width=\"12\" height=\"12\" fill=\"none\" viewbox=\"0 0 12 12\">\n\t\t\t\t<path fill=\"#fff\" d=\"M2 0a2 2 0 0 0-2 2v2h1.5V2a.5.5 0 0 1 .5-.5h2V0H2Zm2 10.5H2a.5.5 0 0 1-.5-.5V8H0v2a2 2 0 0 0 2 2h2v-1.5ZM8 12v-1.5h2a.5.5 0 0 0 .5-.5V8H12v2a2 2 0 0 1-2 2H8Zm2-12a2 2 0 0 1 2 2v2h-1.5V2a.5.5 0 0 0-.5-.5H8V0h2Z\" \/>\n\t\t\t<\/svg>\n\t\t<\/button><\/figure>\n\n\n\n<p class=\"has-text-align-center\"><em>Access to three picking lifts<\/em><\/p>\n<\/div>\n\n\n\n<div class=\"wp-block-column is-layout-flow wp-block-column-is-layout-flow\">\n<figure data-wp-context=\"{&quot;imageId&quot;:&quot;69e496102bee2&quot;}\" data-wp-interactive=\"core\/image\" data-wp-key=\"69e496102bee2\" class=\"wp-block-image size-full wp-lightbox-container\"><img loading=\"lazy\" decoding=\"async\" width=\"352\" height=\"626\" data-wp-class--hide=\"state.isContentHidden\" data-wp-class--show=\"state.isContentVisible\" data-wp-init=\"callbacks.setButtonStyles\" data-wp-on--click=\"actions.showLightbox\" data-wp-on--load=\"callbacks.setButtonStyles\" data-wp-on-window--resize=\"callbacks.setButtonStyles\" src=\"https:\/\/biofood.se\/wp-content\/uploads\/Hoglyftande-truck-edited.jpg\" alt=\"\" class=\"wp-image-17601\" style=\"aspect-ratio:9\/16;object-fit:cover\" srcset=\"https:\/\/biofood.se\/wp-content\/uploads\/Hoglyftande-truck-edited.jpg 352w, https:\/\/biofood.se\/wp-content\/uploads\/Hoglyftande-truck-edited-213x379.jpg 213w, https:\/\/biofood.se\/wp-content\/uploads\/Hoglyftande-truck-edited-7x12.jpg 7w, https:\/\/biofood.se\/wp-content\/uploads\/Hoglyftande-truck-edited-150x267.jpg 150w\" sizes=\"auto, (max-width: 352px) 100vw, 352px\" \/><button\n\t\t\tclass=\"lightbox-trigger\"\n\t\t\ttype=\"button\"\n\t\t\taria-haspopup=\"dialog\"\n\t\t\taria-label=\"Enlarge\"\n\t\t\tdata-wp-init=\"callbacks.initTriggerButton\"\n\t\t\tdata-wp-on--click=\"actions.showLightbox\"\n\t\t\tdata-wp-style--right=\"state.imageButtonRight\"\n\t\t\tdata-wp-style--top=\"state.imageButtonTop\"\n\t\t>\n\t\t\t<svg xmlns=\"http:\/\/www.w3.org\/2000\/svg\" width=\"12\" height=\"12\" fill=\"none\" viewbox=\"0 0 12 12\">\n\t\t\t\t<path fill=\"#fff\" d=\"M2 0a2 2 0 0 0-2 2v2h1.5V2a.5.5 0 0 1 .5-.5h2V0H2Zm2 10.5H2a.5.5 0 0 1-.5-.5V8H0v2a2 2 0 0 0 2 2h2v-1.5ZM8 12v-1.5h2a.5.5 0 0 0 .5-.5V8H12v2a2 2 0 0 1-2 2H8Zm2-12a2 2 0 0 1 2 2v2h-1.5V2a.5.5 0 0 0-.5-.5H8V0h2Z\" \/>\n\t\t\t<\/svg>\n\t\t<\/button><\/figure>\n\n\n\n<p class=\"has-text-align-center\"><em>High lift forklifts<\/em><\/p>\n<\/div>\n<\/div>\n\n\n\n<p><\/p>","protected":false},"excerpt":{"rendered":"<p>H\u00e4r \u00e4r ett par fina bilder fr\u00e5n v\u00e5rt lager i Jordbro s\u00f6der om Stockholm. F\u00f6r mer information om v\u00e5rt lager och Biofood Distribution klicka p\u00e5 bilden ovan V\u00e5rt lager \u00e4r 1875 m\u00b2 stort och har en takh\u00f6jd p\u00e5 16 meter Tillg\u00e5ng till j\u00e4rnv\u00e4gssp\u00e5r 128 m\u00b2 stort freonfritt kylrum Tillg\u00e5ng till egna bilar som anv\u00e4nder HV100 [&hellip;]<\/p>\n","protected":false},"author":13,"featured_media":0,"parent":17507,"menu_order":2,"comment_status":"closed","ping_status":"closed","template":"","meta":{"footnotes":""},"class_list":["post-17587","page","type-page","status-publish","hentry"],"_links":{"self":[{"href":"http:\/\/biofood.se\/en\/wp-json\/wp\/v2\/pages\/17587","targetHints":{"allow":["GET"]}}],"collection":[{"href":"http:\/\/biofood.se\/en\/wp-json\/wp\/v2\/pages"}],"about":[{"href":"http:\/\/biofood.se\/en\/wp-json\/wp\/v2\/types\/page"}],"author":[{"embeddable":true,"href":"http:\/\/biofood.se\/en\/wp-json\/wp\/v2\/users\/13"}],"replies":[{"embeddable":true,"href":"http:\/\/biofood.se\/en\/wp-json\/wp\/v2\/comments?post=17587"}],"version-history":[{"count":12,"href":"http:\/\/biofood.se\/en\/wp-json\/wp\/v2\/pages\/17587\/revisions"}],"predecessor-version":[{"id":17624,"href":"http:\/\/biofood.se\/en\/wp-json\/wp\/v2\/pages\/17587\/revisions\/17624"}],"up":[{"embeddable":true,"href":"http:\/\/biofood.se\/en\/wp-json\/wp\/v2\/pages\/17507"}],"wp:attachment":[{"href":"http:\/\/biofood.se\/en\/wp-json\/wp\/v2\/media?parent=17587"}],"curies":[{"name":"wp","href":"https:\/\/api.w.org\/{rel}","templated":true}]}}