{"id":1014,"date":"2015-04-09T09:16:35","date_gmt":"2015-04-09T09:16:35","guid":{"rendered":"https:\/\/biofood.se\/?page_id=1014"},"modified":"2023-04-05T12:55:23","modified_gmt":"2023-04-05T10:55:23","slug":"var-historia","status":"publish","type":"page","link":"https:\/\/biofood.se\/en\/om-oss\/var-historia\/","title":{"rendered":"Our history, vision and responsibilities"},"content":{"rendered":"<ul>\n<li>Biofood is a food importer and distributor. The company has 35 years of experience in importing and selling organic food.<\/li>\n<li>It all started when Denny Abrahamsson, a pioneer in organic food, started an organic grocery store in the early 80s, which still exists in the south, Gryningen H\u00e4lsokost AB.<\/li>\n<li>Denny traveled around Europe and bought organic food that was not available in Sweden at the time. More and more stores contacted Denny and wanted to buy his products and sell in their stores. That's how the company Biofood was born, a wholesaler of organic food.<\/li>\n<li>Since then, Biofood has sold organic foods to various markets, and as the interest in organic has increased in Sweden, Biofood has also grown.<\/li>\n<\/ul>\n<p class=\"paragraph_style_2\">Our customers are usually retailers, but if you are a private person who is interested in our assortment, you can find our products near you at our&nbsp;<a href=\"https:\/\/biofood.se\/en\/aterforsaljare\/hitta-aterforsaljare\/\" target=\"_blank\" rel=\"noopener\">list of retailers!<\/a><\/p>\n<p>&nbsp;<\/p>\n<p>OUR VISION<\/p>\n<p class=\"paragraph_style_2\">WE CARE ABOUT THE EARTH<\/p>\n<p class=\"paragraph_style_2\"><em>V\u00e5r vision \u00e4r att bidra till att m\u00e4nniskor och v\u00e5r jord m\u00e5r bra. V\u00e5r id\u00e9 \u00e4r att erbjuda ett brett sortiment av ekologiska, naturliga och h\u00e5llbara&nbsp;produkter av b\u00e4sta kvalitet inom kost och hudv\u00e5rd \u2013 tillg\u00e4ngligt f\u00f6r alla.<\/em><\/p>\n<p><em>To leave a green footprint, we collaborate with the best suppliers both locally and globally.<\/em><br \/>\n<em>We make it easy, fun and meaningful to find and choose our products. We bring out the love for food that tastes and does good!<\/em><\/p>\n<p><em>Choose our organic and natural food and you will live in harmony with yourself and the world - not just for the moment but for all time to come.<\/em><\/p>\n<p><em>Eat good \u2013 feel fine!&nbsp;<\/em><\/p>","protected":false},"excerpt":{"rendered":"<p>Biofood \u00e4r en livsmedelsimport\u00f6r och -distribut\u00f6r. F\u00f6retaget har 35 \u00e5rs erfarenhet av import och f\u00f6rs\u00e4ljning av ekologiska livsmedel. Allt b\u00f6rjade med att Denny Abrahamsson, en pionj\u00e4r inom ekologisk mat, startade under tidigt 80-tal en ekologisk livsmedelsbutik, som fortfarande finns kvar p\u00e5 s\u00f6der, Gryningen H\u00e4lsokost AB. Denny reste runt i Europa och k\u00f6pte in ekologiska livsmedel [&hellip;]<\/p>\n","protected":false},"author":13,"featured_media":0,"parent":27,"menu_order":0,"comment_status":"open","ping_status":"open","template":"","meta":{"footnotes":""},"class_list":["post-1014","page","type-page","status-publish","hentry"],"_links":{"self":[{"href":"https:\/\/biofood.se\/en\/wp-json\/wp\/v2\/pages\/1014","targetHints":{"allow":["GET"]}}],"collection":[{"href":"https:\/\/biofood.se\/en\/wp-json\/wp\/v2\/pages"}],"about":[{"href":"https:\/\/biofood.se\/en\/wp-json\/wp\/v2\/types\/page"}],"author":[{"embeddable":true,"href":"https:\/\/biofood.se\/en\/wp-json\/wp\/v2\/users\/13"}],"replies":[{"embeddable":true,"href":"https:\/\/biofood.se\/en\/wp-json\/wp\/v2\/comments?post=1014"}],"version-history":[{"count":12,"href":"https:\/\/biofood.se\/en\/wp-json\/wp\/v2\/pages\/1014\/revisions"}],"predecessor-version":[{"id":14633,"href":"https:\/\/biofood.se\/en\/wp-json\/wp\/v2\/pages\/1014\/revisions\/14633"}],"up":[{"embeddable":true,"href":"https:\/\/biofood.se\/en\/wp-json\/wp\/v2\/pages\/27"}],"wp:attachment":[{"href":"https:\/\/biofood.se\/en\/wp-json\/wp\/v2\/media?parent=1014"}],"curies":[{"name":"wp","href":"https:\/\/api.w.org\/{rel}","templated":true}]}}