{"id":1311,"date":"2015-09-04T14:55:26","date_gmt":"2015-09-04T12:55:26","guid":{"rendered":"https:\/\/biofood.se\/?page_id=1311"},"modified":"2018-05-23T09:41:07","modified_gmt":"2018-05-23T07:41:07","slug":"sponsorfragor","status":"publish","type":"page","link":"https:\/\/biofood.se\/en\/kontakt\/sponsorfragor\/","title":{"rendered":"Sponsor"},"content":{"rendered":"<p>Hej, tack f\u00f6r att du v\u00e4ljer Biofood. F\u00f6r att vi ska kunna hantera din sponsorf\u00f6rfr\u00e5gan, v\u00e4nligen fyll i formul\u00e4ret nedan.\u00a0Vi \u00e4r glada \u00f6ver att du h\u00f6r av dig till oss p\u00e5 Biofood.<\/p>\n<p><strong>Vi kommer att h\u00f6ra av oss till dig om vi \u00e4r intresserade och om det \u00e4r aktuellt f\u00f6r oss att sponsra ditt evenemang. Hj\u00e4rtliga h\u00e4lsningar Marie och Team Biofood<\/strong><\/p>\n<hr \/>\n<p>[ccf_form id=&#8221;1321&#8243;]<\/p>\n","protected":false},"excerpt":{"rendered":"<p>Hej, tack f\u00f6r att du v\u00e4ljer Biofood. F\u00f6r att vi ska kunna hantera din sponsorf\u00f6rfr\u00e5gan, v\u00e4nligen fyll i formul\u00e4ret nedan.\u00a0Vi \u00e4r glada \u00f6ver att du h\u00f6r av dig till oss p\u00e5 Biofood. Vi kommer att h\u00f6ra av oss till dig om vi \u00e4r intresserade och om det \u00e4r aktuellt f\u00f6r oss att sponsra ditt evenemang. [&hellip;]<\/p>\n","protected":false},"author":1,"featured_media":378,"parent":29,"menu_order":4,"comment_status":"closed","ping_status":"closed","template":"","meta":{"footnotes":""},"class_list":["post-1311","page","type-page","status-publish","has-post-thumbnail","hentry"],"_links":{"self":[{"href":"https:\/\/biofood.se\/en\/wp-json\/wp\/v2\/pages\/1311","targetHints":{"allow":["GET"]}}],"collection":[{"href":"https:\/\/biofood.se\/en\/wp-json\/wp\/v2\/pages"}],"about":[{"href":"https:\/\/biofood.se\/en\/wp-json\/wp\/v2\/types\/page"}],"author":[{"embeddable":true,"href":"https:\/\/biofood.se\/en\/wp-json\/wp\/v2\/users\/1"}],"replies":[{"embeddable":true,"href":"https:\/\/biofood.se\/en\/wp-json\/wp\/v2\/comments?post=1311"}],"version-history":[{"count":12,"href":"https:\/\/biofood.se\/en\/wp-json\/wp\/v2\/pages\/1311\/revisions"}],"predecessor-version":[{"id":13165,"href":"https:\/\/biofood.se\/en\/wp-json\/wp\/v2\/pages\/1311\/revisions\/13165"}],"up":[{"embeddable":true,"href":"https:\/\/biofood.se\/en\/wp-json\/wp\/v2\/pages\/29"}],"wp:featuredmedia":[{"embeddable":true,"href":"https:\/\/biofood.se\/en\/wp-json\/wp\/v2\/media\/378"}],"wp:attachment":[{"href":"https:\/\/biofood.se\/en\/wp-json\/wp\/v2\/media?parent=1311"}],"curies":[{"name":"wp","href":"https:\/\/api.w.org\/{rel}","templated":true}]}}