{"id":1482,"date":"2015-11-06T15:28:19","date_gmt":"2015-11-06T14:28:19","guid":{"rendered":"https:\/\/biofood.se\/?page_id=1482"},"modified":"2015-11-06T15:28:19","modified_gmt":"2015-11-06T14:28:19","slug":"finns-det-spar-av-pesticider-tungmetaller-och-arsenik-i-ekologiska-produkter","status":"publish","type":"page","link":"https:\/\/biofood.se\/en\/vanliga-fragor\/finns-det-spar-av-pesticider-tungmetaller-och-arsenik-i-ekologiska-produkter\/","title":{"rendered":"Finns det sp\u00e5r av pesticider, tungmetaller och arsenik i ekologiska produkter?"},"content":{"rendered":"<p>F:\u00a0Finns det sp\u00e5r av pesticider, tungmetaller och arsenik i ekologiska produkter?<\/p>\n<p>S: Ekologisk certifiering inneb\u00e4r inte 100 % fritt fr\u00e5n sp\u00e5r av t ex bek\u00e4mpningsmedel, tungmetaller eller arsenik, som kommer fr\u00e5n okontrollerbara k\u00e4llor som f\u00f6rorening i jord, luft och vatten.<\/p>\n<p>Europeiska oberoende kontrollorgan testar regelbundet jorden och produkterna hos v\u00e5ra odlare, det \u00e4r sedan upp till dem att besluta om en odling \u00e4r s\u00e4ker och ekologisk enligt de kriterier som finns lagstadgat i EU idag och riktlinjer fr\u00e5n EFSA. Ifall de anser att de eventuella oundvikliga sp\u00e5r, som finns kvar i produkten, \u00e4r f\u00f6r h\u00f6ga s\u00e5 g\u00f6rs en utredning och i v\u00e4rsta fall kan d\u00e4refter ekocertifikatet dras in. Ut\u00f6ver odlarnas egna och kontrollorganens tester, vars analys svar vi f\u00e5r ta del av och granskar, testar \u00e4ven v\u00e5ra leverant\u00f6rer sj\u00e4lva produkterna regelbundet. Dessutom utf\u00f6rs det fler och oftare tester p\u00e5 de produkter som klassas som \u201dh\u00f6g risk\u201d produkter, det vill s\u00e4ga t ex produkter fr\u00e5n Kina. Ifall dessa prover visar sp\u00e5rrester, g\u00f6rs alltid en bed\u00f6mning ifall produkten \u00e4r s\u00e4ker och om de f\u00f6ljer riktlinjer f\u00f6r ekologisk odling. Alla v\u00e5ra leverant\u00f6rer rapporterar och kontrolleras av kontrollorganen, och av oss. Vi blir \u00e4ven kontrollerade p\u00e5 olika s\u00e4tt av instanser i Sverige som Livsmedelsverket, Milj\u00f6 och H\u00e4lsa hos kommun, och f\u00f6r ekologiska produkter \u00e4ven av Kiwa Aranea Certifiering.<\/p>\n<p>F: Finns det arsenik i era risprodukter?<\/p>\n<p>S: I v\u00e5rt arbete \u00e4r vi m\u00e5na om kvalitet och renhet, och produkter som vi s\u00e4ljer granskas noggrant innan de blir en del av v\u00e5rt sortiment. Vi st\u00e4ller oss positiva till att denna typ av fr\u00e5gor lyfts, eftersom det \u00f6kar den generella medvetenheten om livsmedel och vikten av god kvalitet i den mat vi \u00e4ter. Det leder till de f\u00f6r\u00e4ndringar i branschen som vi beh\u00f6ver f\u00f6r att v\u00e5r planet och m\u00e4nniskan ska m\u00e5 bra, i dag och f\u00f6r all tid fram\u00f6ver.<\/p>\n<p>Tyv\u00e4rr finns sp\u00e5r av arsenik i ris fr\u00e5n okontrollerbara k\u00e4llor som f\u00f6rorening i jord, luft och vatten.<\/p>\n<p>Tidigare har det inte funnits lagar i EU som reglerar arsenikv\u00e4rden i livsmedel, men fr o m 1 Januari 2016 g\u00e4ller f\u00f6ljande gr\u00e4nsv\u00e4rden;<\/p>\n<p>* 0,20 mg oorganisk arsenik per kilo f\u00f6r \u201dej \u00e5ngbehandlat, slipat ris (polerat eller vitt ris)\u201d<\/p>\n<p>* 0,25 mg oorganisk arsenik per kilo ris f\u00f6r \u201d\u00e5ngbehandlat ris och r\u00e5ris\u201d<\/p>\n<p>* 0,30 mg oorganisk arsenik per kilo \u00f6vrig risprodukt som t ex mj\u00f6l, riskakor mm<\/p>\n<p><a href=\"http:\/\/www.livsmedelsverket.se\/livsmedel-och-innehall\/oonskade-amnen\/metaller1\/arsenik-i-ris\/ \u2028http:\/\/www.livsmedelsverket.se\/globalassets\/rapporter\/2015\/del-1-kartlaggning---oorganisk-arsenik-i-risk-och-risprodukter-pa-den-svenska-marknaden-rapport-16-2015.pdf\" target=\"_blank\">L\u00e4s g\u00e4rna mer om detta p\u00e5 Livsmedelverkets hemsida, samt ta del av deras rapport.<\/a><\/p>\n<p>Biofood s\u00e4ljer b\u00e5de ekologiska och naturliga produkter fr\u00e5n hela v\u00e4rlden. Vi samarbetar med m\u00e5nga olika europeiska leverant\u00f6rer, stora som sm\u00e5, och flera av dem vi samarbetar med har flera \u00e5rs erfarenhet av ekologisk odling. I v\u00e5rt arbete utv\u00e4rderar vi st\u00e4ndigt v\u00e5ra befintliga och nya leverant\u00f6rer, och ser till att v\u00e5ra produkter analyseras regelbundet. <strong><em>Samtliga leverant\u00f6rer f\u00f6r v\u00e5ra risprodukter i eget varum\u00e4rke, samt \u00f6vriga som vi distribuerar i Sverige, har redovisat att deras v\u00e4rden ligger under rekommenderat gr\u00e4nsv\u00e4rde.<\/em><\/strong><\/p>\n<p>Vi och v\u00e5ra leverant\u00f6rer str\u00e4var alltid efter att arbeta p\u00e5 ett s\u00e4kert, kvalitativt och certifierat s\u00e4tt.<\/p>","protected":false},"excerpt":{"rendered":"<p>F:\u00a0Finns det sp\u00e5r av pesticider, tungmetaller och arsenik i ekologiska produkter? S: Ekologisk certifiering inneb\u00e4r inte 100 % fritt fr\u00e5n sp\u00e5r av t ex bek\u00e4mpningsmedel, tungmetaller eller arsenik, som kommer fr\u00e5n okontrollerbara k\u00e4llor som f\u00f6rorening i jord, luft och vatten. Europeiska oberoende kontrollorgan testar regelbundet jorden och produkterna hos v\u00e5ra odlare, det \u00e4r sedan upp [&hellip;]<\/p>\n","protected":false},"author":1,"featured_media":0,"parent":25,"menu_order":0,"comment_status":"closed","ping_status":"closed","template":"","meta":{"footnotes":""},"class_list":["post-1482","page","type-page","status-publish","hentry"],"_links":{"self":[{"href":"https:\/\/biofood.se\/en\/wp-json\/wp\/v2\/pages\/1482","targetHints":{"allow":["GET"]}}],"collection":[{"href":"https:\/\/biofood.se\/en\/wp-json\/wp\/v2\/pages"}],"about":[{"href":"https:\/\/biofood.se\/en\/wp-json\/wp\/v2\/types\/page"}],"author":[{"embeddable":true,"href":"https:\/\/biofood.se\/en\/wp-json\/wp\/v2\/users\/1"}],"replies":[{"embeddable":true,"href":"https:\/\/biofood.se\/en\/wp-json\/wp\/v2\/comments?post=1482"}],"version-history":[{"count":2,"href":"https:\/\/biofood.se\/en\/wp-json\/wp\/v2\/pages\/1482\/revisions"}],"predecessor-version":[{"id":3463,"href":"https:\/\/biofood.se\/en\/wp-json\/wp\/v2\/pages\/1482\/revisions\/3463"}],"up":[{"embeddable":true,"href":"https:\/\/biofood.se\/en\/wp-json\/wp\/v2\/pages\/25"}],"wp:attachment":[{"href":"https:\/\/biofood.se\/en\/wp-json\/wp\/v2\/media?parent=1482"}],"curies":[{"name":"wp","href":"https:\/\/api.w.org\/{rel}","templated":true}]}}