{"id":1484,"date":"2015-11-06T15:31:07","date_gmt":"2015-11-06T14:31:07","guid":{"rendered":"https:\/\/biofood.se\/?page_id=1484"},"modified":"2015-11-06T15:31:07","modified_gmt":"2015-11-06T14:31:07","slug":"varfor-hittar-jag-ingen-miljocertifiering-pa-lillys-eco-clean","status":"publish","type":"page","link":"https:\/\/biofood.se\/en\/vanliga-fragor\/varfor-hittar-jag-ingen-miljocertifiering-pa-lillys-eco-clean\/","title":{"rendered":"Varf\u00f6r hittar jag ingen milj\u00f6certifiering p\u00e5 Lilly\u2019s Eco Clean?"},"content":{"rendered":"<p>F:\u00a0Varf\u00f6r hittar jag ingen milj\u00f6certifiering p\u00e5 Lilly\u2019s Eco Clean?<\/p>\n<p>S: Lilly\u2019s Eco Clean \u00e4r ett mycket litet f\u00f6retag \u2013 ink\u00f6p och hantering av ingredienser samt tillverkning sker av en och samma person, och ackrediteringskostnaden f\u00f6r att f\u00e5 m\u00e4rka sin produkt med EU Ecolabel \u00e4r mycket stor vilket g\u00f6r det sv\u00e5rt f\u00f6r en sm\u00e5skalig producent som Lilly&#8217;s att f\u00e5 in det i sin budget till en b\u00f6rjan. Lilly\u2019s m\u00e5ls\u00e4ttning f\u00f6r framtiden \u00e4r dock att produkterna ska m\u00e4rkas med EU Ecolabel och de uppfyller i dagens l\u00e4ge samtliga kriterier som st\u00e4lls f\u00f6r denna m\u00e4rkning med god marginal.<\/p>","protected":false},"excerpt":{"rendered":"<p>F:\u00a0Varf\u00f6r hittar jag ingen milj\u00f6certifiering p\u00e5 Lilly\u2019s Eco Clean? S: Lilly\u2019s Eco Clean \u00e4r ett mycket litet f\u00f6retag \u2013 ink\u00f6p och hantering av ingredienser samt tillverkning sker av en och samma person, och ackrediteringskostnaden f\u00f6r att f\u00e5 m\u00e4rka sin produkt med EU Ecolabel \u00e4r mycket stor vilket g\u00f6r det sv\u00e5rt f\u00f6r en sm\u00e5skalig producent som [&hellip;]<\/p>\n","protected":false},"author":1,"featured_media":0,"parent":25,"menu_order":0,"comment_status":"closed","ping_status":"closed","template":"","meta":{"footnotes":""},"class_list":["post-1484","page","type-page","status-publish","hentry"],"_links":{"self":[{"href":"https:\/\/biofood.se\/en\/wp-json\/wp\/v2\/pages\/1484","targetHints":{"allow":["GET"]}}],"collection":[{"href":"https:\/\/biofood.se\/en\/wp-json\/wp\/v2\/pages"}],"about":[{"href":"https:\/\/biofood.se\/en\/wp-json\/wp\/v2\/types\/page"}],"author":[{"embeddable":true,"href":"https:\/\/biofood.se\/en\/wp-json\/wp\/v2\/users\/1"}],"replies":[{"embeddable":true,"href":"https:\/\/biofood.se\/en\/wp-json\/wp\/v2\/comments?post=1484"}],"version-history":[{"count":1,"href":"https:\/\/biofood.se\/en\/wp-json\/wp\/v2\/pages\/1484\/revisions"}],"predecessor-version":[{"id":1485,"href":"https:\/\/biofood.se\/en\/wp-json\/wp\/v2\/pages\/1484\/revisions\/1485"}],"up":[{"embeddable":true,"href":"https:\/\/biofood.se\/en\/wp-json\/wp\/v2\/pages\/25"}],"wp:attachment":[{"href":"https:\/\/biofood.se\/en\/wp-json\/wp\/v2\/media?parent=1484"}],"curies":[{"name":"wp","href":"https:\/\/api.w.org\/{rel}","templated":true}]}}