{"id":151,"date":"2015-01-26T13:42:33","date_gmt":"2015-01-26T13:42:33","guid":{"rendered":"https:\/\/biofood.se\/?page_id=151"},"modified":"2026-01-09T00:38:47","modified_gmt":"2026-01-08T23:38:47","slug":"glutenfritt","status":"publish","type":"page","link":"https:\/\/biofood.se\/en\/vara-produkter\/glutenfritt\/","title":{"rendered":"Gluten free"},"content":{"rendered":"<p>In our assortment you will find lots of products for the gluten-free pantry. We are particularly proud of our own brand Biofood, where gluten-free is growing all the time. In addition, our own products are always organic.<br><strong><a href=\"https:\/\/butik.biofood.se\/\" target=\"_blank\" rel=\"noreferrer noopener\">Click here to get to our webshop. <\/a><\/strong>Here you can search for gluten-free products that you are looking for and maybe discover new friends for the kitchen!<\/p>\n\n\n\n<p><\/p>","protected":false},"excerpt":{"rendered":"<p>I v\u00e5rt sortiment hittar du av massor av produkter f\u00f6r det glutenfria skafferiet. Vi \u00e4r extra stolta \u00f6ver v\u00e5rt egna varum\u00e4rke Biofood d\u00e4r det glutenfria v\u00e4xer hela tiden. Dessutom \u00e4r v\u00e5ra egna produkter alltid ekologiska.Klicka h\u00e4r s\u00e5 kommer du till v\u00e5r webbshop. H\u00e4r kan du s\u00f6ka efter glutenfria produkter som du letar efter och kanske [&hellip;]<\/p>\n","protected":false},"author":13,"featured_media":0,"parent":5,"menu_order":9,"comment_status":"open","ping_status":"open","template":"","meta":{"footnotes":""},"class_list":["post-151","page","type-page","status-publish","hentry"],"_links":{"self":[{"href":"https:\/\/biofood.se\/en\/wp-json\/wp\/v2\/pages\/151","targetHints":{"allow":["GET"]}}],"collection":[{"href":"https:\/\/biofood.se\/en\/wp-json\/wp\/v2\/pages"}],"about":[{"href":"https:\/\/biofood.se\/en\/wp-json\/wp\/v2\/types\/page"}],"author":[{"embeddable":true,"href":"https:\/\/biofood.se\/en\/wp-json\/wp\/v2\/users\/13"}],"replies":[{"embeddable":true,"href":"https:\/\/biofood.se\/en\/wp-json\/wp\/v2\/comments?post=151"}],"version-history":[{"count":20,"href":"https:\/\/biofood.se\/en\/wp-json\/wp\/v2\/pages\/151\/revisions"}],"predecessor-version":[{"id":29253,"href":"https:\/\/biofood.se\/en\/wp-json\/wp\/v2\/pages\/151\/revisions\/29253"}],"up":[{"embeddable":true,"href":"https:\/\/biofood.se\/en\/wp-json\/wp\/v2\/pages\/5"}],"wp:attachment":[{"href":"https:\/\/biofood.se\/en\/wp-json\/wp\/v2\/media?parent=151"}],"curies":[{"name":"wp","href":"https:\/\/api.w.org\/{rel}","templated":true}]}}