{"id":1542,"date":"2015-11-30T14:14:38","date_gmt":"2015-11-30T13:14:38","guid":{"rendered":"https:\/\/biofood.se\/?page_id=1542"},"modified":"2015-11-30T14:14:38","modified_gmt":"2015-11-30T13:14:38","slug":"varfor-packar-ni-inte-era-produkter-i-kartong","status":"publish","type":"page","link":"https:\/\/biofood.se\/en\/vanliga-fragor\/varfor-packar-ni-inte-era-produkter-i-kartong\/","title":{"rendered":"Varf\u00f6r packar ni inte era produkter i kartong?"},"content":{"rendered":"<p>F: Varf\u00f6r packar ni inte i kartong?<\/p>\n<p>S: F\u00f6r tillf\u00e4llet har vi inte m\u00f6jlighet att packa i kartong, men vi jobbar aktivt med att titta p\u00e5 nya m\u00f6jligheter f\u00f6r att utveckla v\u00e5ra f\u00f6rpackningar med milj\u00f6aspekten i \u00e5tanke.\u00a0S\u00e5 l\u00e4nge s\u00e5 rekommenderar vi alla att k\u00e4llsortera p\u00e5sarna som plast f\u00f6r \u00e5tervinning.<\/p>","protected":false},"excerpt":{"rendered":"<p>F: Varf\u00f6r packar ni inte i kartong? S: F\u00f6r tillf\u00e4llet har vi inte m\u00f6jlighet att packa i kartong, men vi jobbar aktivt med att titta p\u00e5 nya m\u00f6jligheter f\u00f6r att utveckla v\u00e5ra f\u00f6rpackningar med milj\u00f6aspekten i \u00e5tanke.\u00a0S\u00e5 l\u00e4nge s\u00e5 rekommenderar vi alla att k\u00e4llsortera p\u00e5sarna som plast f\u00f6r \u00e5tervinning.<\/p>","protected":false},"author":1,"featured_media":0,"parent":25,"menu_order":0,"comment_status":"closed","ping_status":"closed","template":"","meta":{"footnotes":""},"class_list":["post-1542","page","type-page","status-publish","hentry"],"_links":{"self":[{"href":"https:\/\/biofood.se\/en\/wp-json\/wp\/v2\/pages\/1542","targetHints":{"allow":["GET"]}}],"collection":[{"href":"https:\/\/biofood.se\/en\/wp-json\/wp\/v2\/pages"}],"about":[{"href":"https:\/\/biofood.se\/en\/wp-json\/wp\/v2\/types\/page"}],"author":[{"embeddable":true,"href":"https:\/\/biofood.se\/en\/wp-json\/wp\/v2\/users\/1"}],"replies":[{"embeddable":true,"href":"https:\/\/biofood.se\/en\/wp-json\/wp\/v2\/comments?post=1542"}],"version-history":[{"count":1,"href":"https:\/\/biofood.se\/en\/wp-json\/wp\/v2\/pages\/1542\/revisions"}],"predecessor-version":[{"id":1543,"href":"https:\/\/biofood.se\/en\/wp-json\/wp\/v2\/pages\/1542\/revisions\/1543"}],"up":[{"embeddable":true,"href":"https:\/\/biofood.se\/en\/wp-json\/wp\/v2\/pages\/25"}],"wp:attachment":[{"href":"https:\/\/biofood.se\/en\/wp-json\/wp\/v2\/media?parent=1542"}],"curies":[{"name":"wp","href":"https:\/\/api.w.org\/{rel}","templated":true}]}}