{"id":159,"date":"2015-01-29T17:43:00","date_gmt":"2015-01-29T16:43:00","guid":{"rendered":"https:\/\/biofood.se\/?page_id=159"},"modified":"2026-01-09T00:38:30","modified_gmt":"2026-01-08T23:38:30","slug":"raw-2","status":"publish","type":"page","link":"https:\/\/biofood.se\/en\/vara-produkter\/raw-2\/","title":{"rendered":"Raw"},"content":{"rendered":"<p>In our assortment you will find lots of products that are raw. Raw food means that the raw materials are not heated to more than 42-46 degrees celsius. Raw food is based on a diet\u00a0of fruits, vegetables, seeds, nuts, algae and oils as well as sprouts, superfoods, berries, mushrooms and herbs.\u00a0<strong><a href=\"https:\/\/butik.biofood.se\/\" target=\"_blank\" rel=\"noreferrer noopener\">Click here to get to our webshop.<\/a><\/strong> Here you can search for gluten-free products that you are looking for and maybe discover new friends for the kitchen!<\/p>\n\n\n\n<p><\/p>","protected":false},"excerpt":{"rendered":"<p>I v\u00e5rt sortiment hittar du massor av produkter som \u00e4r raw.\u00a0Raw food inneb\u00e4r att r\u00e5varorna inte hettas upp till mer \u00e4n 42-46 grader. Raw food baseras p\u00e5 en kost\u00a0av frukt, gr\u00f6nsaker, fr\u00f6n, n\u00f6tter, alger och oljor samt groddar, superfoods, b\u00e4r, svampar och \u00f6rter.\u00a0Klicka h\u00e4r f\u00f6r att komma till v\u00e5r webbshop. H\u00e4r kan du s\u00f6ka efter [&hellip;]<\/p>\n","protected":false},"author":1,"featured_media":0,"parent":5,"menu_order":13,"comment_status":"open","ping_status":"closed","template":"","meta":{"footnotes":""},"class_list":["post-159","page","type-page","status-publish","hentry"],"_links":{"self":[{"href":"https:\/\/biofood.se\/en\/wp-json\/wp\/v2\/pages\/159","targetHints":{"allow":["GET"]}}],"collection":[{"href":"https:\/\/biofood.se\/en\/wp-json\/wp\/v2\/pages"}],"about":[{"href":"https:\/\/biofood.se\/en\/wp-json\/wp\/v2\/types\/page"}],"author":[{"embeddable":true,"href":"https:\/\/biofood.se\/en\/wp-json\/wp\/v2\/users\/1"}],"replies":[{"embeddable":true,"href":"https:\/\/biofood.se\/en\/wp-json\/wp\/v2\/comments?post=159"}],"version-history":[{"count":20,"href":"https:\/\/biofood.se\/en\/wp-json\/wp\/v2\/pages\/159\/revisions"}],"predecessor-version":[{"id":29251,"href":"https:\/\/biofood.se\/en\/wp-json\/wp\/v2\/pages\/159\/revisions\/29251"}],"up":[{"embeddable":true,"href":"https:\/\/biofood.se\/en\/wp-json\/wp\/v2\/pages\/5"}],"wp:attachment":[{"href":"https:\/\/biofood.se\/en\/wp-json\/wp\/v2\/media?parent=159"}],"curies":[{"name":"wp","href":"https:\/\/api.w.org\/{rel}","templated":true}]}}