{"id":2,"date":"2015-01-20T17:05:35","date_gmt":"2015-01-20T17:05:35","guid":{"rendered":"https:\/\/biofood.se\/?page_id=2"},"modified":"2024-06-10T07:23:47","modified_gmt":"2024-06-10T05:23:47","slug":"biofood-eat-good-feel-fine","status":"publish","type":"page","link":"https:\/\/biofood.se\/en\/","title":{"rendered":"Biofood &#8211; Eat good &#8211; feel fine"},"content":{"rendered":"<p class=\"paragraph_style_2\"><strong><em>Biofood\u00a0bidrar till att m\u00e4nniskor och v\u00e5r jord m\u00e5r bra. V\u00e5r id\u00e9 \u00e4r att erbjuda ett brett sortiment av ekologiska, naturliga och h\u00e5llbara\u00a0produkter av b\u00e4sta kvalitet inom kost och hudv\u00e5rd \u2013 tillg\u00e4ngligt f\u00f6r alla.\u00a0<\/em><\/strong><em><strong>To leave a green footprint, we collaborate with the best suppliers both locally and globally.<\/strong><\/em><br \/>\n<em><strong>We make it easy, fun and meaningful to find and choose our products. We bring out the love for food that tastes and does good!\u00a0<\/strong><\/em><em><strong>Choose our organic and natural food and you will live in harmony with yourself and the world - not just for the moment but for all time to come.<\/strong><\/em><\/p>","protected":false},"excerpt":{"rendered":"<p>Biofood\u00a0bidrar till att m\u00e4nniskor och v\u00e5r jord m\u00e5r bra. V\u00e5r id\u00e9 \u00e4r att erbjuda ett brett sortiment av ekologiska, naturliga och h\u00e5llbara\u00a0produkter av b\u00e4sta kvalitet inom kost och hudv\u00e5rd \u2013 tillg\u00e4ngligt f\u00f6r alla.\u00a0F\u00f6r att l\u00e4mna gr\u00f6na fotsp\u00e5r samarbetar vi med de b\u00e4sta leverant\u00f6rerna b\u00e5de lokalt och globalt. Vi g\u00f6r det enkelt, roligt och meningsfullt att [&hellip;]<\/p>\n","protected":false},"author":1,"featured_media":0,"parent":0,"menu_order":0,"comment_status":"open","ping_status":"closed","template":"","meta":{"footnotes":""},"class_list":["post-2","page","type-page","status-publish","hentry"],"_links":{"self":[{"href":"https:\/\/biofood.se\/en\/wp-json\/wp\/v2\/pages\/2","targetHints":{"allow":["GET"]}}],"collection":[{"href":"https:\/\/biofood.se\/en\/wp-json\/wp\/v2\/pages"}],"about":[{"href":"https:\/\/biofood.se\/en\/wp-json\/wp\/v2\/types\/page"}],"author":[{"embeddable":true,"href":"https:\/\/biofood.se\/en\/wp-json\/wp\/v2\/users\/1"}],"replies":[{"embeddable":true,"href":"https:\/\/biofood.se\/en\/wp-json\/wp\/v2\/comments?post=2"}],"version-history":[{"count":16,"href":"https:\/\/biofood.se\/en\/wp-json\/wp\/v2\/pages\/2\/revisions"}],"predecessor-version":[{"id":29319,"href":"https:\/\/biofood.se\/en\/wp-json\/wp\/v2\/pages\/2\/revisions\/29319"}],"wp:attachment":[{"href":"https:\/\/biofood.se\/en\/wp-json\/wp\/v2\/media?parent=2"}],"curies":[{"name":"wp","href":"https:\/\/api.w.org\/{rel}","templated":true}]}}