{"id":281,"date":"2015-02-01T17:19:05","date_gmt":"2015-02-01T17:19:05","guid":{"rendered":"https:\/\/biofood.se\/?page_id=281"},"modified":"2023-05-24T10:07:12","modified_gmt":"2023-05-24T08:07:12","slug":"dagligvarubutiker","status":"publish","type":"page","link":"https:\/\/biofood.se\/en\/aterforsaljare\/dagligvarubutiker\/","title":{"rendered":"Grocery stores"},"content":{"rendered":"<p>Det h\u00e4r \u00e4r bara en del av de dagligvarubutiker som Biofood samarbetar med. Om du samarbetar med Biofood och vill vara med p\u00e5 den h\u00e4r listan kan du skicka ett mail till: <a href=\"mailto:info@biofood.se\" target=\"_blank\" rel=\"noopener noreferrer\">info@biofood.se<\/a><\/p>\n<p><a href=\"https:\/\/www.coop.se\/handla\/sok\/?q=biofood\"><img loading=\"lazy\" decoding=\"async\" class=\"alignleft wp-image-540 size-full\" src=\"https:\/\/biofood.se\/wp-content\/uploads\/bildpacoop.png\" alt=\"Coop\" width=\"100\" height=\"100\"><\/a><a href=\"https:\/\/www.ica.se\/\"><img loading=\"lazy\" decoding=\"async\" class=\"alignleft size-full wp-image-547\" src=\"https:\/\/biofood.se\/wp-content\/uploads\/bildpaica.png\" alt=\"Ica\" width=\"100\" height=\"100\"><\/a><a href=\"https:\/\/www.hemkop.se\/sok?q=biofood\"><img loading=\"lazy\" decoding=\"async\" class=\"alignleft size-full wp-image-544\" src=\"https:\/\/biofood.se\/wp-content\/uploads\/bildpahemkop.png\" alt=\"Hemk\u00f6p\" width=\"100\" height=\"100\"><\/a><a href=\"https:\/\/www.citygross.se\/\"><img loading=\"lazy\" decoding=\"async\" class=\"alignleft size-full wp-image-542\" src=\"https:\/\/biofood.se\/wp-content\/uploads\/bildpacitygross.png\" alt=\"Citygross\" width=\"100\" height=\"100\"><\/a><a href=\"https:\/\/www.willys.se\/\"><img loading=\"lazy\" decoding=\"async\" class=\"alignleft wp-image-7220 size-full\" src=\"https:\/\/biofood.se\/wp-content\/uploads\/bildpawillys.png\" alt=\"Willys\" width=\"100\" height=\"100\"><\/a><\/p>","protected":false},"excerpt":{"rendered":"<p>Det h\u00e4r \u00e4r bara en del av de dagligvarubutiker som Biofood samarbetar med. Om du samarbetar med Biofood och vill vara med p\u00e5 den h\u00e4r listan kan du skicka ett mail till: info@biofood.se<\/p>","protected":false},"author":13,"featured_media":378,"parent":21,"menu_order":2,"comment_status":"open","ping_status":"open","template":"","meta":{"footnotes":""},"class_list":["post-281","page","type-page","status-publish","has-post-thumbnail","hentry"],"_links":{"self":[{"href":"https:\/\/biofood.se\/en\/wp-json\/wp\/v2\/pages\/281","targetHints":{"allow":["GET"]}}],"collection":[{"href":"https:\/\/biofood.se\/en\/wp-json\/wp\/v2\/pages"}],"about":[{"href":"https:\/\/biofood.se\/en\/wp-json\/wp\/v2\/types\/page"}],"author":[{"embeddable":true,"href":"https:\/\/biofood.se\/en\/wp-json\/wp\/v2\/users\/13"}],"replies":[{"embeddable":true,"href":"https:\/\/biofood.se\/en\/wp-json\/wp\/v2\/comments?post=281"}],"version-history":[{"count":27,"href":"https:\/\/biofood.se\/en\/wp-json\/wp\/v2\/pages\/281\/revisions"}],"predecessor-version":[{"id":15049,"href":"https:\/\/biofood.se\/en\/wp-json\/wp\/v2\/pages\/281\/revisions\/15049"}],"up":[{"embeddable":true,"href":"https:\/\/biofood.se\/en\/wp-json\/wp\/v2\/pages\/21"}],"wp:featuredmedia":[{"embeddable":true,"href":"https:\/\/biofood.se\/en\/wp-json\/wp\/v2\/media\/378"}],"wp:attachment":[{"href":"https:\/\/biofood.se\/en\/wp-json\/wp\/v2\/media?parent=281"}],"curies":[{"name":"wp","href":"https:\/\/api.w.org\/{rel}","templated":true}]}}