{"id":3464,"date":"2017-09-11T07:45:56","date_gmt":"2017-09-11T05:45:56","guid":{"rendered":"https:\/\/biofood.se\/?page_id=3464"},"modified":"2017-09-11T07:45:56","modified_gmt":"2017-09-11T05:45:56","slug":"ar-det-vanligare-med-bittermandel-i-ekologiskt-odlade-mandlar","status":"publish","type":"page","link":"https:\/\/biofood.se\/en\/vanliga-fragor\/ar-det-vanligare-med-bittermandel-i-ekologiskt-odlade-mandlar\/","title":{"rendered":"\u00c4r det vanligare med bittermandel i ekologiskt odlade mandlar?"},"content":{"rendered":"<p>De mandeltr\u00e4dsorter som odlas i Medelhavsomr\u00e5det \u00e4r mer resistenta mot torka, vilket \u00e4r n\u00f6dv\u00e4ndigt eftersom de inte bevattnas. Detta kan j\u00e4mf\u00f6ras med de kaliforniska mandlarna som har f\u00e4rre bittermandlar, men ist\u00e4llet m\u00e5ste bevattnas och d\u00e4rmed belastar milj\u00f6n.<\/p>","protected":false},"excerpt":{"rendered":"<p>De mandeltr\u00e4dsorter som odlas i Medelhavsomr\u00e5det \u00e4r mer resistenta mot torka, vilket \u00e4r n\u00f6dv\u00e4ndigt eftersom de inte bevattnas. Detta kan j\u00e4mf\u00f6ras med de kaliforniska mandlarna som har f\u00e4rre bittermandlar, men ist\u00e4llet m\u00e5ste bevattnas och d\u00e4rmed belastar milj\u00f6n.<\/p>","protected":false},"author":13,"featured_media":0,"parent":25,"menu_order":0,"comment_status":"closed","ping_status":"closed","template":"","meta":{"footnotes":""},"class_list":["post-3464","page","type-page","status-publish","hentry"],"_links":{"self":[{"href":"https:\/\/biofood.se\/en\/wp-json\/wp\/v2\/pages\/3464","targetHints":{"allow":["GET"]}}],"collection":[{"href":"https:\/\/biofood.se\/en\/wp-json\/wp\/v2\/pages"}],"about":[{"href":"https:\/\/biofood.se\/en\/wp-json\/wp\/v2\/types\/page"}],"author":[{"embeddable":true,"href":"https:\/\/biofood.se\/en\/wp-json\/wp\/v2\/users\/13"}],"replies":[{"embeddable":true,"href":"https:\/\/biofood.se\/en\/wp-json\/wp\/v2\/comments?post=3464"}],"version-history":[{"count":1,"href":"https:\/\/biofood.se\/en\/wp-json\/wp\/v2\/pages\/3464\/revisions"}],"predecessor-version":[{"id":3465,"href":"https:\/\/biofood.se\/en\/wp-json\/wp\/v2\/pages\/3464\/revisions\/3465"}],"up":[{"embeddable":true,"href":"https:\/\/biofood.se\/en\/wp-json\/wp\/v2\/pages\/25"}],"wp:attachment":[{"href":"https:\/\/biofood.se\/en\/wp-json\/wp\/v2\/media?parent=3464"}],"curies":[{"name":"wp","href":"https:\/\/api.w.org\/{rel}","templated":true}]}}