{"id":56,"date":"2015-01-24T16:22:24","date_gmt":"2015-01-24T16:22:24","guid":{"rendered":"https:\/\/biofood.se\/?page_id=56"},"modified":"2020-02-21T16:00:54","modified_gmt":"2020-02-21T15:00:54","slug":"nyhetsbrev","status":"publish","type":"page","link":"https:\/\/biofood.se\/en\/nyheter\/nyhetsbrev\/","title":{"rendered":"Nyhetsbrev"},"content":{"rendered":"<p>H\u00e4r hittar\u00a0du som \u00e4r \u00e5terf\u00f6rs\u00e4ljare v\u00e5ra senaste utskick med produktnyheter. \u00c4r du \u00e5terf\u00f6rs\u00e4ljare och ocks\u00e5 vill f\u00e5 v\u00e5ra nyhetsbrev? Fyll i formul\u00e4ret nedan.<\/p>\n<p><strong>Psst!<\/strong> F\u00f6r oss \u00e4r det viktigt att personuppgifter hanteras tryggt och d\u00e4rf\u00f6r har uppdaterar vi v\u00e5ra allm\u00e4nna villkor och har tagit fram en integritetspolicy som bland annat beskriver hur och varf\u00f6r vi sparar dina uppgifter, enligt de sk\u00e4rpta normerna f\u00f6r uppgiftsskydd General Data Protection Regulation (GDPR).<\/p>\n<p><a href=\"https:\/\/biofood.se\/om-oss\/kontakt\/biofood-biolivs-ab-hantering-och-lagring-av-personuppgifter\/\">H\u00e4r kan du l\u00e4sa hur Biofoods hantering och lagring av personuppgifter &gt;&gt;<\/a><\/p>\n<p>N\u00e4r du skickar in din mejladress godk\u00e4nner du samtidigt v\u00e5ra villkor ovan!<\/p>\n<p><script language=\"JavaScript\">\n<!--\nfunction MailingListValidation(SubscriberForm){\nvar counter = 0;\nfor (i=1; i<=SubscriberForm.pf_CounterMailinglists.value; i++)\n {\nvar checkBoxName = \"pf_MailinglistName\" + i;\n if (document.getElementsByName(checkBoxName)[0].checked || document.getElementsByName(checkBoxName)[0].type == \"hidden\") counter++; \n}\n if (counter == 0)\n{\nalert(\"En eller flera e-postlistor kr\u00e4vs f\u00f6r detta formul\u00e4r.\");\nreturn false; }\n }\/\/-->\n<\/script><\/p>\n<form style=\"text-align: left; font-family: arial, sans-serif; font-size: 12pt;\" action=\"http:\/\/www.anpdm.com\/public\/process-subscription-form.aspx?formId=40\" method=\"post\" name=\"SubscriberForm\">\n<table cellspacing=\"0\" cellpadding=\"2px\">\n<tbody>\n<tr>\n<td>E-postadress<br \/>\n<input name=\"pf_Email\" size=\"30\" type=\"text\" value=\"\" \/><\/td>\n<\/tr>\n<tr>\n<td><b>V\u00e4lj prenumeration<br \/>\n<\/b><input name=\"pf_MailinglistName1\" type=\"checkbox\" value=\"4043783\" \/>Informationsmail<br \/>\n<input name=\"pf_MailinglistName2\" type=\"checkbox\" value=\"4044214\" \/>Inspirationsbrev<br \/>\n<input name=\"pf_MailinglistName3\" type=\"checkbox\" value=\"4043795\" \/>Press<\/td>\n<\/tr>\n<tr>\n<td>Leveransformat<br \/>\n<select name=\"pf_DeliveryFormat\"><option selected=\"selected\" value=\"HTML\">HTML<\/option><option value=\"Text\">Text<\/option><\/select><\/td>\n<\/tr>\n<tr>\n<td><input name=\"Submit\" type=\"submit\" value=\"Prenumerera\" \/><\/td>\n<\/tr>\n<tr>\n<td><!-- \u00c4ndra inte namn eller typ p\u00e5 Skicka-knappen. F\u00f6r att \u00e4ndra den synliga texten, \u00e4ndra ist\u00e4llet texten f\u00f6r \\ \"v\u00e4rde \\\" --> <input name=\"pf_FormType\" type=\"hidden\" value=\"OptInForm\" \/> <input name=\"pf_OptInMethod\" type=\"hidden\" value=\"SingleOptInMethod\" \/> <input name=\"pf_CounterDemogrFields\" type=\"hidden\" value=\"0\" \/> <input name=\"pf_CounterMailinglists\" type=\"hidden\" value=\"3\" \/> <input name=\"pf_AccountId\" type=\"hidden\" value=\"6782\" \/> <input name=\"pf_ListById\" type=\"hidden\" value=\"1\" \/> <input name=\"pf_Version\" type=\"hidden\" value=\"2\" \/><\/td>\n<\/tr>\n<\/tbody>\n<\/table>\n<\/form>\n","protected":false},"excerpt":{"rendered":"<p>H\u00e4r hittar\u00a0du som \u00e4r \u00e5terf\u00f6rs\u00e4ljare v\u00e5ra senaste utskick med produktnyheter. \u00c4r du \u00e5terf\u00f6rs\u00e4ljare och ocks\u00e5 vill f\u00e5 v\u00e5ra nyhetsbrev? Fyll i formul\u00e4ret nedan. Psst! F\u00f6r oss \u00e4r det viktigt att personuppgifter hanteras tryggt och d\u00e4rf\u00f6r har uppdaterar vi v\u00e5ra allm\u00e4nna villkor och har tagit fram en integritetspolicy som bland annat beskriver hur och varf\u00f6r vi [&hellip;]<\/p>\n","protected":false},"author":13,"featured_media":0,"parent":19,"menu_order":2,"comment_status":"open","ping_status":"open","template":"","meta":{"footnotes":""},"class_list":["post-56","page","type-page","status-publish","hentry"],"_links":{"self":[{"href":"https:\/\/biofood.se\/en\/wp-json\/wp\/v2\/pages\/56","targetHints":{"allow":["GET"]}}],"collection":[{"href":"https:\/\/biofood.se\/en\/wp-json\/wp\/v2\/pages"}],"about":[{"href":"https:\/\/biofood.se\/en\/wp-json\/wp\/v2\/types\/page"}],"author":[{"embeddable":true,"href":"https:\/\/biofood.se\/en\/wp-json\/wp\/v2\/users\/13"}],"replies":[{"embeddable":true,"href":"https:\/\/biofood.se\/en\/wp-json\/wp\/v2\/comments?post=56"}],"version-history":[{"count":33,"href":"https:\/\/biofood.se\/en\/wp-json\/wp\/v2\/pages\/56\/revisions"}],"predecessor-version":[{"id":8829,"href":"https:\/\/biofood.se\/en\/wp-json\/wp\/v2\/pages\/56\/revisions\/8829"}],"up":[{"embeddable":true,"href":"https:\/\/biofood.se\/en\/wp-json\/wp\/v2\/pages\/19"}],"wp:attachment":[{"href":"https:\/\/biofood.se\/en\/wp-json\/wp\/v2\/media?parent=56"}],"curies":[{"name":"wp","href":"https:\/\/api.w.org\/{rel}","templated":true}]}}