{"id":58,"date":"2015-01-24T16:22:42","date_gmt":"2015-01-24T16:22:42","guid":{"rendered":"https:\/\/biofood.se\/?page_id=58"},"modified":"2019-12-02T16:35:46","modified_gmt":"2019-12-02T15:35:46","slug":"inspirationsbrev","status":"publish","type":"page","link":"https:\/\/biofood.se\/en\/nyheter\/inspirationsbrev\/","title":{"rendered":"Inspirationsbrev"},"content":{"rendered":"<p>H\u00e4r hittar du v\u00e5ra fina inspirationsbrev med recept, tips och knep\u00a0hur du kan anv\u00e4nda v\u00e5ra r\u00e5varor och produkter. Vill du\u00a0ocks\u00e5 f\u00e5 v\u00e5ra m\u00e5natliga utskick? Fyll i formul\u00e4ret nedan.<\/p>\n<p><strong>Psst!<\/strong> F\u00f6r oss \u00e4r det viktigt att personuppgifter hanteras tryggt och d\u00e4rf\u00f6r har uppdaterar vi v\u00e5ra allm\u00e4nna villkor\u00a0och har tagit fram en integritetspolicy som bland annat beskriver hur och varf\u00f6r vi sparar dina uppgifter, enligt de sk\u00e4rpta\u00a0normerna f\u00f6r uppgiftsskydd General Data Protection Regulation (GDPR).<\/p>\n<p><a href=\"https:\/\/biofood.se\/om-oss\/biofood-biolivs-ab-hantering-och-lagring-av-personuppgifter\/\">H\u00e4r kan du l\u00e4sa hur Biofoods hantering och lagring av personuppgifter &gt;&gt;<\/a><\/p>\n<p>N\u00e4r du skickar in din mejladress godk\u00e4nner du samtidigt v\u00e5ra villkor ovan!<\/p>\n<p><script language=\"JavaScript\">\n< !--\n    function MailingListValidation(SubscriberForm) {\n      var counter = 0;\n      for (i = 1; i <= SubscriberForm.pf_CounterMailinglists.value; i++) { var checkBoxName = \"pf_MailinglistName\" + i; if (document.getElementsByName(checkBoxName)[0].checked || document.getElementsByName(checkBoxName)[0].type == \"hidden\") counter++; } if (counter == 0) { alert(\"En eller flera e-postlistor kr\u00e4vs f\u00f6r detta formul\u00e4r.\"); return false; } }\/\/-->\n<\/script><\/p>\n<form class=\"biofoodForm\" style=\"text-align: left; font-family: arial, sans-serif; font-size: 12pt;\" action=\"http:\/\/www.anpdm.com\/public\/process-subscription-form.aspx?formId=49405D427744445E4471\" method=\"post\" name=\"SubscriberForm\">\n<table style=\"width: 215px; height: 331px;\" cellspacing=\"0\" cellpadding=\"2px\">\n<tbody>\n<tr style=\"height: 48px;\">\n<td style=\"width: 219px; height: 48px;\"><label>Namn<br \/>\n<input id=\"pfName\" name=\"pf_SubscriberName\" size=\"30\" type=\"text\" value=\"\" \/><br \/>\n<\/label><\/td>\n<\/tr>\n<tr style=\"height: 48px;\">\n<td style=\"width: 219px; height: 48px;\"><label>E-postadress<br \/>\n<input id=\"pfEmail\" name=\"pf_Email\" size=\"30\" type=\"text\" value=\"\" \/><br \/>\n<\/label><\/td>\n<\/tr>\n<tr style=\"height: 110px;\">\n<td style=\"width: 219px; height: 110px;\">\n<h4>V\u00e4lj prenumeration<\/h4>\n<p><label><input id=\"pf_MailinglistName1\" name=\"pf_MailinglistName1\" type=\"checkbox\" value=\"72498\" \/> Biofood \u00e5terf\u00f6rs\u00e4ljare<\/label><br \/>\n<label><input id=\"pf_MailinglistName2\" name=\"pf_MailinglistName2\" type=\"checkbox\" value=\"914251\" \/> Biofood_press<\/label><br \/>\n<label><input id=\"pf_MailinglistName1\" name=\"pf_MailinglistName3\" type=\"checkbox\" value=\"72497\" \/> Privatpersoner<\/label><\/td>\n<\/tr>\n<tr style=\"height: 0px;\">\n<td style=\"width: 219px; height: 0px;\"><select style=\"display: none;\" name=\"pf_DeliveryFormat\"><option selected=\"selected\" value=\"HTML\">HTML<\/option><option value=\"Text\">Text<\/option><\/select><\/td>\n<\/tr>\n<tr style=\"height: 24px;\">\n<td style=\"width: 219px; height: 24px;\"><input name=\"Submit\" type=\"submit\" value=\"Prenumerera\" \/><\/td>\n<\/tr>\n<tr style=\"height: 41px;\">\n<td style=\"width: 219px; height: 41px;\"><input name=\"pf_Version\" type=\"hidden\" value=\"2\" \/><\/td>\n<\/tr>\n<\/tbody>\n<\/table>\n<p><a href=\"https:\/\/www.anpdm.com\/newsletterweb\/464050457543435A4574414759\/41455D4A7942415D40794145584071\">Fr\u00e5n oss alla till er alla \u2013 en riktigt God Jul!<\/a><\/p>\n<p><a href=\"https:\/\/www.anpdm.com\/newsletterweb\/4641504572424B594775404B59\/41405D4B74414758457545405C4171?noTracking=true\">V\u00e4rmande soppor!<\/a><\/p>\n<p><a href=\"https:\/\/www.anpdm.com\/newsletterweb\/46415A407647475F4777424359\/\">Hej h\u00f6st, hej nya vanor!<\/a><\/p>\n<p><a href=\"https:\/\/www.anpdm.com\/newsletterweb\/46435E477948445B4376424659\/41455D4A7942415D40794145584071\">Glad sommar(mage)!<\/a><\/p>\n<p><a href=\"https:\/\/www.anpdm.com\/newsletterweb\/454A5E4B7641445C4275484759\/41455D4A7942415D40794145584071\">V\u00e4lkommen sk\u00f6na maj!<\/a><\/p>\n<p><a href=\"https:\/\/www.anpdm.com\/newsletterweb\/4642594B714345584B73414259\/41455D4A7942415D40794145584071?noTracking=true\">Glada p\u00e5skh\u00e4lsningar!<\/a><\/p>\n<p><a href=\"http:\/\/www.anpdm.com\/newsletterweb\/454B5D467346455F4673464A59\/41455D4A7942415D40794145584071?noTracking=true\">Fira kvinnodagen och frossa i kokos!<\/a><\/p>\n<p><a href=\"http:\/\/www.anpdm.com\/newsletterweb\/454058457245455F4A76494059\/41455D4A7942415D40794145584071?noTracking=true\">Bjud p\u00e5 glutenfritt &amp; grilla gr\u00f6nt!<\/a><\/p>\n<p><a href=\"http:\/\/www.anpdm.com\/newsletterweb\/45415A467344465A4B78404659\/41455D4A7942415D40794145584071?noTracking=true\">Glad p\u00e5sk &amp; Biofood fyller 30 \u00e5r!<\/a><\/p>\n<p><a href=\"http:\/\/www.anpdm.com\/newsletterweb\/45415B4B7341405F4275424759\/41455D4A7942415D40794145584071?noTracking=true\">Sportlovstajm!<\/a><\/p>\n<p><a href=\"http:\/\/www.anpdm.com\/newsletterweb\/45435D457141405A4A73484359\/414A5C447547405D4A794546594271\">Nu \u00e4r det jul igen&#8230;<\/a><\/p>\n<p><a href=\"http:\/\/www.anpdm.com\/newsletterweb\/444A5F427244415A4570484B59\/41455D4A7942415D40794145584071?noTracking=true\">Bjud p\u00e5 japanskt!<\/a><\/p>\n<p><a href=\"http:\/\/www.anpdm.com\/newsletterweb\/444B5144734643514178464659\/41455D4A7942415D40794145584071?noTracking=true\">\u00c4t efter just din kroppstyp!<\/a><\/p>\n<\/form>\n<p><a href=\"http:\/\/www.anpdm.com\/newsletterweb\/4444584271484A5C4677444459\/41455D4A7942415D40794145584071?noTracking=true\">Kom i hormonbalans!<\/a><\/p>\n<p><a href=\"http:\/\/www.anpdm.com\/newsletterweb\/44445C447645465A4075444159\/41455D4A7942415D40794145584071?noTracking=true\">Tid f\u00f6r picknick &amp; sola lugnt!<\/a><\/p>\n<p><a href=\"http:\/\/www.anpdm.com\/newsletterweb\/44465146744543584678404459\/41455D4A7942415D40794145584071?noTracking=true\">Laga mat i sk\u00e5l &amp; f\u00e5 god magk\u00e4nsla!<\/a><\/p>\n<p><a href=\"http:\/\/www.anpdm.com\/newsletterweb\/44455A4B744642594A75414359\/414A5C447547405D4A794546594271\">Unna dig en god vana!<\/a><\/p>\n<p><a href=\"http:\/\/www.anpdm.com\/newsletterweb\/444658457549445D4A77404159\/414A5C447547405D4A794546594271\">Grodda gr\u00f6nt hela vintern &amp; andas bort din stress!<\/a><\/p>\n<p><a href=\"http:\/\/www.anpdm.com\/newsletterweb\/44475A4671444A5B4776444259\/41455D4A7942415D40794145584071?noTracking=true\">Mild mat f\u00f6r magen!<\/a><\/p>\n<p><a href=\"http:\/\/www.anpdm.com\/newsletterweb\/44475A467145465E4770444059\/41455D4A7942415D40794145584071?noTracking=true\">Kom ih\u00e5g mellanm\u00e5let och slipp s\u00f6tsuget!<\/a><\/p>\n<p><a href=\"http:\/\/www.anpdm.com\/newsletterweb\/4441584A764747504B73414259\/414A5C447547405D4A794546594271\">F\u00e5r vi bjuda p\u00e5 fika?<\/a><\/p>\n<p><a href=\"http:\/\/www.anpdm.com\/newsletterweb\/4442514A7840455B4077464559\/41455D4A7942415D40794145584071\">S\u00e5 klarar du majstressen med hj\u00e4lp av smart i farten som lugnar magen!<\/a><\/p>\n<p><a href=\"http:\/\/www.anpdm.com\/newsletterweb\/44425D4A7641415E4779474159\/41455D4A7942415D40794145584071?noTracking=true\" target=\"_blank\" rel=\"noopener\">Upp &amp; hoppa \u00a0&#8211; nu \u00e4r det v\u00e5r!<\/a><\/p>\n<p><a href=\"http:\/\/www.anpdm.com\/newsletterweb\/44425D4471434B5D4570434059\/41455D4A7942415D40794145584071?noTracking=true\" target=\"_blank\" rel=\"noopener\">L\u00e4ckert p\u00e5skgodis och l\u00e4r dig balsammetoden!<\/a><\/p>\n<p><a href=\"http:\/\/www.anpdm.com\/newsletterweb\/44435E457243445C4577404659\/41455D4A7942415D40794145584071?noTracking=true\" target=\"_blank\" rel=\"noopener\">M\u00e4ttande mats\u00e4ckar &amp; l\u00e4r dig grodda!<\/a><\/p>\n<p><a href=\"http:\/\/www.anpdm.com\/newsletterweb\/44435E4B78474A5F4072414259\/41455D4A7942415D40794145584071?noTracking=true\" target=\"_blank\" rel=\"noopener\">Varma piggkickar &amp; boosta ditt immunf\u00f6rsvar!<\/a><\/p>\n<p><a href=\"http:\/\/www.anpdm.com\/newsletterweb\/44475F467045405C4174494459\/41455D4A7942415D40794145584071\">Sov gott &amp; njut en glutenfri jul!<\/a><\/p>\n<p><a href=\"http:\/\/www.anpdm.com\/newsletterweb\/434A5F42714345504A71424559\/41455D4A7942415D40794145584071?noTracking=true\" target=\"_blank\" rel=\"noopener\">Beh\u00e5ll fokus i jul &amp; bjud p\u00e5 smart mat p\u00e5 julbordet!<\/a><\/p>\n<p><a href=\"http:\/\/www.anpdm.com\/newsletterweb\/44475B467145465B4371444359\/41455D4A7942415D40794145584071?noTracking=true\">S\u00e5 \u00f6verlever du h\u00f6stm\u00f6rkret!<\/a><\/p>\n<p><a href=\"https:\/\/biofood.se\/wp-content\/uploads\/Inspirationsbrev-1-2.pdf\">Natural Products 2015<\/a><\/p>\n<p><a href=\"http:\/\/www.anpdm.com\/newsletterweb\/434A59417847415E4379454A59\/414A5C447547405D4A794546594271\" target=\"_blank\" rel=\"noopener\">H\u00f6stens b\u00e4sta soppk\u00f6k &amp; s\u00e5 slipper du novembersnuvan!<\/a><\/p>\n<p><a href=\"http:\/\/www.anpdm.com\/newsletterweb\/434B5C46744340514A73444A59\/414A5C447547405D4A794546594271\" target=\"_blank\" rel=\"noopener\">S\u00e5 f\u00e5r du en h\u00f6st i hormonbalans!<\/a><\/p>\n<p><a href=\"http:\/\/anpdm.com\/newsletterweb\/434B5B467944415D4B72474759\/414A5C447547405D4A794546594271\" target=\"_blank\" rel=\"noopener\">Knep och st\u00f6d f\u00f6r en aktiv h\u00f6st<\/a><\/p>\n<p><a href=\"http:\/\/www.anpdm.com\/newsletterweb\/43445E417349415B4A74424B59\/414A5C447547405D4A794546594271\" target=\"_blank\" rel=\"noopener\">Glassa i sommar<\/a><\/p>\n<p><a href=\"http:\/\/www.anpdm.com\/newsletterweb\/43445A44754140584572464059\/41455D4A7942415D40794145584071\" target=\"_blank\" rel=\"noopener\">Glutenfri &amp; smakrik festbuff\u00e9<\/a><\/p>\n<p><a href=\"http:\/\/www.anpdm.com\/newsletterweb\/43455046754045514774404059\/\" target=\"_blank\" rel=\"noopener\">Energikick &amp; m\u00e4ttande mellis<\/a><\/p>\n<p><a href=\"http:\/\/www.anpdm.com\/newsletterweb\/43455D407446405C4B75474659\/41455D4A7942415D40794145584071\" target=\"_blank\" rel=\"noopener\">Rent godis till P\u00e5sk!<\/a><\/p>\n<p><a href=\"http:\/\/www.anpdm.com\/newsletterweb\/43465F43774847584675404759\/41455D4A7942415D40794145584071?noTracking=true\" target=\"_blank\" rel=\"noopener\">Boosta immunf\u00f6rsvaret<\/a><\/p>\n<p><a href=\"http:\/\/www.anpdm.com\/newsletterweb\/43465B44734946584671424259\/\" target=\"_blank\" rel=\"noopener\">Sov gott orka mer<\/a><\/p>\n<p><a href=\"http:\/\/www.anpdm.com\/newsletterweb\/43475D4A7748435A4470454559\/\" target=\"_blank\" rel=\"noopener\">F\u00f6r god magk\u00e4nsla<\/a><\/p>\n<p><a href=\"http:\/\/www.anpdm.com\/newsletterweb\/43405E4476414B584076474B59\/\" target=\"_blank\" rel=\"noopener\">Adventsmingel\u00a0<\/a><\/p>\n","protected":false},"excerpt":{"rendered":"<p>H\u00e4r hittar du v\u00e5ra fina inspirationsbrev med recept, tips och knep\u00a0hur du kan anv\u00e4nda v\u00e5ra r\u00e5varor och produkter. Vill du\u00a0ocks\u00e5 f\u00e5 v\u00e5ra m\u00e5natliga utskick? Fyll i formul\u00e4ret nedan. Psst! F\u00f6r oss \u00e4r det viktigt att personuppgifter hanteras tryggt och d\u00e4rf\u00f6r har uppdaterar vi v\u00e5ra allm\u00e4nna villkor\u00a0och har tagit fram en integritetspolicy som bland annat beskriver [&hellip;]<\/p>\n","protected":false},"author":13,"featured_media":0,"parent":19,"menu_order":3,"comment_status":"open","ping_status":"open","template":"","meta":{"footnotes":""},"class_list":["post-58","page","type-page","status-publish","hentry"],"_links":{"self":[{"href":"https:\/\/biofood.se\/en\/wp-json\/wp\/v2\/pages\/58","targetHints":{"allow":["GET"]}}],"collection":[{"href":"https:\/\/biofood.se\/en\/wp-json\/wp\/v2\/pages"}],"about":[{"href":"https:\/\/biofood.se\/en\/wp-json\/wp\/v2\/types\/page"}],"author":[{"embeddable":true,"href":"https:\/\/biofood.se\/en\/wp-json\/wp\/v2\/users\/13"}],"replies":[{"embeddable":true,"href":"https:\/\/biofood.se\/en\/wp-json\/wp\/v2\/comments?post=58"}],"version-history":[{"count":79,"href":"https:\/\/biofood.se\/en\/wp-json\/wp\/v2\/pages\/58\/revisions"}],"predecessor-version":[{"id":8380,"href":"https:\/\/biofood.se\/en\/wp-json\/wp\/v2\/pages\/58\/revisions\/8380"}],"up":[{"embeddable":true,"href":"https:\/\/biofood.se\/en\/wp-json\/wp\/v2\/pages\/19"}],"wp:attachment":[{"href":"https:\/\/biofood.se\/en\/wp-json\/wp\/v2\/media?parent=58"}],"curies":[{"name":"wp","href":"https:\/\/api.w.org\/{rel}","templated":true}]}}