{"id":62,"date":"2015-04-08T16:23:22","date_gmt":"2015-04-08T14:23:22","guid":{"rendered":"https:\/\/biofood.se\/?page_id=62"},"modified":"2021-04-28T15:18:48","modified_gmt":"2021-04-28T13:18:48","slug":"press","status":"publish","type":"page","link":"https:\/\/biofood.se\/en\/om-oss\/press\/","title":{"rendered":"Media"},"content":{"rendered":"<div>\n<p><span lang=\"SV\">W<\/span>elcome to Biofoods media page!<\/p>\n<p><span lang=\"SV\">M<\/span>ore information about our products and <span lang=\"SV\">images<\/span>of products <span lang=\"SV\">can be downloaded from our <a href=\"https:\/\/shop.biofood.se\/\">webshop<\/a>\u00a0or by contacting us at <u><a tabindex=\"-1\" title=\"press@biofood.se\" href=\"\/en\/press@biofood.se\/\" target=\"_blank\" rel=\"noreferrer noopener\">press@biofood.se<\/a><\/u><\/span><\/p>\n<\/div>\n<p>&nbsp;<\/p>\n<p>CURRENT<\/p>\n<p><a href=\"https:\/\/www.dropbox.com\/s\/k9adpz91toj5gsk\/210308%20Biofood%20hyllar%20kvinnliga%20ledare%20och%20entrepren%C3%B6rer.docx?dl=0\" target=\"_blank\" rel=\"noopener\">Biofood hyllar kvinnliga ledare och entrepren\u00f6rer<\/a><\/p>\n<p><a href=\"https:\/\/www.dropbox.com\/scl\/fi\/9v18ty3jhtwlt1xfhpezj\/210222-Biofood-satsar-p-fossilfria-bilar.docx?dl=0&amp;rlkey=ch06s37ioc3939ysi8tdc279b\" target=\"_blank\" rel=\"noopener\">Biofood satsar p\u00e5 fossilfria bilar<\/a><\/p>\n<p><a href=\"https:\/\/www.dropbox.com\/s\/3uaxgs5nvxfx9np\/210317%2015%20kg%20godis%20om%20%C3%A5ret%20-%20s%C3%A5%20drar%20du%20ner%20snittet.docx?dl=0\" target=\"_blank\" rel=\"noopener\">15 kg godis om \u00e5ret &#8211; s\u00e5 drar du ner snittet<\/a><\/p>\n<p>&nbsp;<\/p>\n<p>&nbsp;<\/p>","protected":false},"excerpt":{"rendered":"<p>V\u00e4lkommen till Biofoods press-sida! Mer information om v\u00e5ra produkter och produktbilder kan du ladda ner fr\u00e5n v\u00e5r webbshop\u00a0eller genom att kontakta oss p\u00e5 press@biofood.se &nbsp; AKTUELLT Biofood hyllar kvinnliga ledare och entrepren\u00f6rer Biofood satsar p\u00e5 fossilfria bilar 15 kg godis om \u00e5ret &#8211; s\u00e5 drar du ner snittet &nbsp; &nbsp;<\/p>","protected":false},"author":13,"featured_media":6848,"parent":27,"menu_order":5,"comment_status":"open","ping_status":"open","template":"","meta":{"footnotes":""},"class_list":["post-62","page","type-page","status-publish","has-post-thumbnail","hentry"],"_links":{"self":[{"href":"https:\/\/biofood.se\/en\/wp-json\/wp\/v2\/pages\/62","targetHints":{"allow":["GET"]}}],"collection":[{"href":"https:\/\/biofood.se\/en\/wp-json\/wp\/v2\/pages"}],"about":[{"href":"https:\/\/biofood.se\/en\/wp-json\/wp\/v2\/types\/page"}],"author":[{"embeddable":true,"href":"https:\/\/biofood.se\/en\/wp-json\/wp\/v2\/users\/13"}],"replies":[{"embeddable":true,"href":"https:\/\/biofood.se\/en\/wp-json\/wp\/v2\/comments?post=62"}],"version-history":[{"count":239,"href":"https:\/\/biofood.se\/en\/wp-json\/wp\/v2\/pages\/62\/revisions"}],"predecessor-version":[{"id":12402,"href":"https:\/\/biofood.se\/en\/wp-json\/wp\/v2\/pages\/62\/revisions\/12402"}],"up":[{"embeddable":true,"href":"https:\/\/biofood.se\/en\/wp-json\/wp\/v2\/pages\/27"}],"wp:featuredmedia":[{"embeddable":true,"href":"https:\/\/biofood.se\/en\/wp-json\/wp\/v2\/media\/6848"}],"wp:attachment":[{"href":"https:\/\/biofood.se\/en\/wp-json\/wp\/v2\/media?parent=62"}],"curies":[{"name":"wp","href":"https:\/\/api.w.org\/{rel}","templated":true}]}}