{"id":64,"date":"2015-01-24T16:24:42","date_gmt":"2015-01-24T16:24:42","guid":{"rendered":"https:\/\/biofood.se\/?page_id=64"},"modified":"2025-12-17T05:22:00","modified_gmt":"2025-12-17T04:22:00","slug":"sa-gor-du","status":"publish","type":"page","link":"https:\/\/biofood.se\/en\/kontakt\/sa-gor-du\/","title":{"rendered":"Become a customer - how to"},"content":{"rendered":"<p>Biofood is your supplier of healthy food! We deliver to stores and other businesses (but unfortunately not to private individuals)<\/p>\n<p>You will find our terms and conditions with information on delivery time, shipping fee and more here to the side<\/p>\n<p><em>\u00a0To register your company as a customer with us, we would like you to send us:<\/em><\/p>\n<p>&#8211; En beskrivning av er verksamhet<\/p>\n<p>- The name and organization number of the store\/business<\/p>\n<p>- The shop\/business website<\/p>\n<p>\u2013 Contact details (name, telephone and email address)<\/p>\n<p>\u2013 Billing and delivery address<\/p>\n<p>Du kan \u00e4ven g\u00e5 in p\u00e5 <a href=\"https:\/\/butik.biofood.se\/bli-aterforsaljare\/\">https:\/\/butik.biofood.se\/bli-aterforsaljare\/<\/a> och fylla i formul\u00e4ret d\u00e4r f\u00f6r att bli kund.<\/p>\n<p>By registering as a customer with Biofood, you agree to Biofood storing the business and personal data you enter and using this for delivery and to contact you regarding order confirmation, offers and newsletters. You can withdraw your consent at any time by emailing or calling us.<\/p>\n<p>If you want to log in and shop via our webshop, we need your email address to set up a user account.<\/p>\n<p><strong>We want to give you a warm welcome as a customer with us!<\/strong><\/p>\n<p><em style=\"line-height: 1.5;\">You can always call our exchange on 08-500 200 00 or send an email to: <a href=\"mailto:info@biofood.se\" target=\"_blank\" rel=\"noopener\">info@biofood.se<\/a> for more information.<\/em><\/p>\n<p>We do not sell directly to private individuals. Are you a private person? Look here: <a href=\"https:\/\/biofood.se\/en\/aterforsaljare\/hitta-aterforsaljare\/\" target=\"_blank\" rel=\"noopener\">Retailer<\/a>, where you will find your nearest store that sells our products.<\/p>","protected":false},"excerpt":{"rendered":"<p>Biofood \u00e4r din leverant\u00f6r av h\u00e4lsosam mat! Vi levererar till butiker och andra f\u00f6retag (men tyv\u00e4rr inte till privatpersoner). V\u00e5ra handelsvillkor med information om leveranstid, fraktavgift med mera hittar du h\u00e4r bredvid. \u00a0F\u00f6r att registrera ditt f\u00f6retag som kund hos oss vill vi att du s\u00e4nder oss: &#8211; En beskrivning av er verksamhet &#8211; Butikens\/verksamhetens [&hellip;]<\/p>\n","protected":false},"author":13,"featured_media":14272,"parent":29,"menu_order":0,"comment_status":"open","ping_status":"open","template":"","meta":{"footnotes":""},"class_list":["post-64","page","type-page","status-publish","has-post-thumbnail","hentry"],"_links":{"self":[{"href":"https:\/\/biofood.se\/en\/wp-json\/wp\/v2\/pages\/64","targetHints":{"allow":["GET"]}}],"collection":[{"href":"https:\/\/biofood.se\/en\/wp-json\/wp\/v2\/pages"}],"about":[{"href":"https:\/\/biofood.se\/en\/wp-json\/wp\/v2\/types\/page"}],"author":[{"embeddable":true,"href":"https:\/\/biofood.se\/en\/wp-json\/wp\/v2\/users\/13"}],"replies":[{"embeddable":true,"href":"https:\/\/biofood.se\/en\/wp-json\/wp\/v2\/comments?post=64"}],"version-history":[{"count":26,"href":"https:\/\/biofood.se\/en\/wp-json\/wp\/v2\/pages\/64\/revisions"}],"predecessor-version":[{"id":29239,"href":"https:\/\/biofood.se\/en\/wp-json\/wp\/v2\/pages\/64\/revisions\/29239"}],"up":[{"embeddable":true,"href":"https:\/\/biofood.se\/en\/wp-json\/wp\/v2\/pages\/29"}],"wp:featuredmedia":[{"embeddable":true,"href":"https:\/\/biofood.se\/en\/wp-json\/wp\/v2\/media\/14272"}],"wp:attachment":[{"href":"https:\/\/biofood.se\/en\/wp-json\/wp\/v2\/media?parent=64"}],"curies":[{"name":"wp","href":"https:\/\/api.w.org\/{rel}","templated":true}]}}