{"id":7111,"date":"2018-05-24T12:36:18","date_gmt":"2018-05-24T10:36:18","guid":{"rendered":"https:\/\/biofood.se\/?page_id=7111"},"modified":"2023-04-28T10:30:03","modified_gmt":"2023-04-28T08:30:03","slug":"konsument","status":"publish","type":"page","link":"https:\/\/biofood.se\/en\/konsument\/","title":{"rendered":"Consumer"},"content":{"rendered":"<p>Here are links to a variety of pages that can be useful for a consumer:<\/p>\n<p><a href=\"https:\/\/biofood.se\/en\/kontakt\/sponsorfragor\/\" target=\"_blank\" rel=\"noopener\">Sponsor<\/a><\/p>\n<p><a href=\"https:\/\/biofood.se\/en\/kontakt\/onskaprodukter\/\" target=\"_blank\" rel=\"noopener\">Make product requests<\/a><\/p>\n<p><a href=\"https:\/\/biofood.se\/en\/kontakt\/kundservice\/\" target=\"_blank\" rel=\"noopener\">Customer service\/Orders<\/a><\/p>\n<p><a href=\"https:\/\/biofood.se\/en\/kontakt\/reklamation-2\/\" target=\"_blank\" rel=\"noopener\">Complaints\/reclaims<\/a><\/p>","protected":false},"excerpt":{"rendered":"<p>H\u00e4r finns l\u00e4nkar till ett flertal sidor som kan vara anv\u00e4ndbara f\u00f6r en konsument: Sponsring \u00d6nska produkter Kundservice\/Order Reklamation<\/p>","protected":false},"author":13,"featured_media":0,"parent":0,"menu_order":0,"comment_status":"closed","ping_status":"closed","template":"","meta":{"footnotes":""},"class_list":["post-7111","page","type-page","status-publish","hentry"],"_links":{"self":[{"href":"https:\/\/biofood.se\/en\/wp-json\/wp\/v2\/pages\/7111","targetHints":{"allow":["GET"]}}],"collection":[{"href":"https:\/\/biofood.se\/en\/wp-json\/wp\/v2\/pages"}],"about":[{"href":"https:\/\/biofood.se\/en\/wp-json\/wp\/v2\/types\/page"}],"author":[{"embeddable":true,"href":"https:\/\/biofood.se\/en\/wp-json\/wp\/v2\/users\/13"}],"replies":[{"embeddable":true,"href":"https:\/\/biofood.se\/en\/wp-json\/wp\/v2\/comments?post=7111"}],"version-history":[{"count":3,"href":"https:\/\/biofood.se\/en\/wp-json\/wp\/v2\/pages\/7111\/revisions"}],"predecessor-version":[{"id":14985,"href":"https:\/\/biofood.se\/en\/wp-json\/wp\/v2\/pages\/7111\/revisions\/14985"}],"wp:attachment":[{"href":"https:\/\/biofood.se\/en\/wp-json\/wp\/v2\/media?parent=7111"}],"curies":[{"name":"wp","href":"https:\/\/api.w.org\/{rel}","templated":true}]}}