{"id":7113,"date":"2018-05-24T12:36:56","date_gmt":"2018-05-24T10:36:56","guid":{"rendered":"https:\/\/biofood.se\/?page_id=7113"},"modified":"2020-01-09T11:55:02","modified_gmt":"2020-01-09T10:55:02","slug":"hall-dig-uppdaterad","status":"publish","type":"page","link":"https:\/\/biofood.se\/en\/konsument\/hall-dig-uppdaterad\/","title":{"rendered":"Keep up to date"},"content":{"rendered":"<p>Here you can find our latest news.<\/p>\n<p><a href=\"https:\/\/biofood.se\/wp-content\/uploads\/Fraktvillkor-kyltransporter.pdf\">[In Swedish] Uppdaterade fraktvillkor f\u00f6r kyltransporter utanf\u00f6r Stockholm &gt;&gt;<\/a><\/p>\n<p>&nbsp;<\/p>","protected":false},"excerpt":{"rendered":"<p>H\u00e4r hittar du v\u00e5ra senaste nyheter. Uppdaterade fraktvillkor f\u00f6r kyltransporter utanf\u00f6r Stockholm &gt;&gt; &nbsp;<\/p>","protected":false},"author":13,"featured_media":1440,"parent":7111,"menu_order":0,"comment_status":"closed","ping_status":"closed","template":"","meta":{"footnotes":""},"class_list":["post-7113","page","type-page","status-publish","has-post-thumbnail","hentry"],"_links":{"self":[{"href":"https:\/\/biofood.se\/en\/wp-json\/wp\/v2\/pages\/7113","targetHints":{"allow":["GET"]}}],"collection":[{"href":"https:\/\/biofood.se\/en\/wp-json\/wp\/v2\/pages"}],"about":[{"href":"https:\/\/biofood.se\/en\/wp-json\/wp\/v2\/types\/page"}],"author":[{"embeddable":true,"href":"https:\/\/biofood.se\/en\/wp-json\/wp\/v2\/users\/13"}],"replies":[{"embeddable":true,"href":"https:\/\/biofood.se\/en\/wp-json\/wp\/v2\/comments?post=7113"}],"version-history":[{"count":3,"href":"https:\/\/biofood.se\/en\/wp-json\/wp\/v2\/pages\/7113\/revisions"}],"predecessor-version":[{"id":8451,"href":"https:\/\/biofood.se\/en\/wp-json\/wp\/v2\/pages\/7113\/revisions\/8451"}],"up":[{"embeddable":true,"href":"https:\/\/biofood.se\/en\/wp-json\/wp\/v2\/pages\/7111"}],"wp:featuredmedia":[{"embeddable":true,"href":"https:\/\/biofood.se\/en\/wp-json\/wp\/v2\/media\/1440"}],"wp:attachment":[{"href":"https:\/\/biofood.se\/en\/wp-json\/wp\/v2\/media?parent=7113"}],"curies":[{"name":"wp","href":"https:\/\/api.w.org\/{rel}","templated":true}]}}