{"id":7556,"date":"2018-11-01T11:49:49","date_gmt":"2018-11-01T10:49:49","guid":{"rendered":"https:\/\/biofood.se\/?page_id=7556"},"modified":"2025-01-08T06:37:20","modified_gmt":"2025-01-08T05:37:20","slug":"har-kan-du-ladda-ner-vara-certifikat","status":"publish","type":"page","link":"https:\/\/biofood.se\/en\/om-oss\/har-kan-du-ladda-ner-vara-certifikat\/","title":{"rendered":"Download certificates"},"content":{"rendered":"<p>Biofood is proud to be a certified distributor of organic products and we constantly work to ensure the quality of our operations.<\/p>\n\n\n\n<div style=\"height:20px\" aria-hidden=\"true\" class=\"wp-block-spacer\"><\/div>\n\n\n\n<h1 class=\"wp-block-heading\">Biofood-BioLivs AB<\/h1>\n\n\n\n<p><a href=\"https:\/\/biofood.se\/wp-content\/uploads\/SE-EKO-01.752-0002870.2024.001.pdf\" target=\"_blank\" rel=\"noopener\">Download our <strong>organic certification<\/strong> for Biofood-BioLivs AB here!<\/a><\/p>\n\n\n\n<p><a href=\"https:\/\/biofood.se\/wp-content\/uploads\/SE-EKO-01.752-0002870.2024.001.ENG_.pdf\" target=\"_blank\" rel=\"noopener\">Download our <strong>organic certification<\/strong> for Biofood-BioLivs AB in <strong>English<\/strong>, here!<\/a><\/p>\n\n\n\n<p><a href=\"https:\/\/biofood.se\/wp-content\/uploads\/certificate-2024-12-20T140058.045377.pdf\">Download our <strong>quality certification<\/strong> for Biofood-BioLivs AB here!<\/a><\/p>\n\n\n\n<p><a href=\"https:\/\/biofood.se\/wp-content\/uploads\/CERTIFIKAT-AOECS-Svenska-Celiakiforbundet-Biofood-Biolivs-AB-2024-12-20.pdf\">Download our <strong>gluten-free certification<\/strong> for Biofood-BioLivs AB here!<\/a><\/p>\n\n\n\n<div style=\"height:30px\" aria-hidden=\"true\" class=\"wp-block-spacer\"><\/div>\n\n\n\n<h1 class=\"wp-block-heading\">Biofood Distribution Service Hantering AB<\/h1>\n\n\n\n<p><a href=\"https:\/\/biofood.se\/wp-content\/uploads\/SE-EKO-01.752-0004167.2024.001.pdf\" target=\"_blank\" rel=\"noopener\">Download our <strong>organic certification<\/strong> for Biofood Distribution Service Hantering AB here!<\/a><\/p>\n\n\n\n<p><a href=\"https:\/\/biofood.se\/wp-content\/uploads\/SE-EKO-01.752-0004167.2024.001.ENG_.pdf\">Download our <strong>organic certification<\/strong> for Biofood Distribution Service Hantering AB in <strong>English<\/strong>, here!<\/a><\/p>\n\n\n\n<p><a href=\"https:\/\/biofood.se\/wp-content\/uploads\/certificate-2024-12-30T120444.489140.pdf\">Download our <strong>quality certification<\/strong> for Biofood Distribution Service Hantering AB here!<\/a><\/p>\n\n\n\n<p><\/p>","protected":false},"excerpt":{"rendered":"<p>Biofood \u00e4r stolta \u00f6ver att vara en certifierad distribut\u00f6r av ekologiska produkter och vi jobbar st\u00e4ndigt med att kvalitetss\u00e4kra v\u00e5r verksamhet. Biofood-BioLivs AB Ladda ner v\u00e5r ekocertifiering f\u00f6r Biofood-BioLivs AB h\u00e4r! Ladda ner v\u00e5r ekocertifiering f\u00f6r Biofood-BioLivs AB p\u00e5 engelska, h\u00e4r! Ladda ner v\u00e5r kvalitetss\u00e4kring f\u00f6r Biofood-BioLivs AB h\u00e4r! Ladda ner v\u00e5r glutenfricertifiering f\u00f6r Biofood-BioLivs [&hellip;]<\/p>\n","protected":false},"author":1,"featured_media":0,"parent":27,"menu_order":6,"comment_status":"closed","ping_status":"closed","template":"","meta":{"footnotes":""},"class_list":["post-7556","page","type-page","status-publish","hentry"],"_links":{"self":[{"href":"https:\/\/biofood.se\/en\/wp-json\/wp\/v2\/pages\/7556","targetHints":{"allow":["GET"]}}],"collection":[{"href":"https:\/\/biofood.se\/en\/wp-json\/wp\/v2\/pages"}],"about":[{"href":"https:\/\/biofood.se\/en\/wp-json\/wp\/v2\/types\/page"}],"author":[{"embeddable":true,"href":"https:\/\/biofood.se\/en\/wp-json\/wp\/v2\/users\/1"}],"replies":[{"embeddable":true,"href":"https:\/\/biofood.se\/en\/wp-json\/wp\/v2\/comments?post=7556"}],"version-history":[{"count":35,"href":"https:\/\/biofood.se\/en\/wp-json\/wp\/v2\/pages\/7556\/revisions"}],"predecessor-version":[{"id":18705,"href":"https:\/\/biofood.se\/en\/wp-json\/wp\/v2\/pages\/7556\/revisions\/18705"}],"up":[{"embeddable":true,"href":"https:\/\/biofood.se\/en\/wp-json\/wp\/v2\/pages\/27"}],"wp:attachment":[{"href":"https:\/\/biofood.se\/en\/wp-json\/wp\/v2\/media?parent=7556"}],"curies":[{"name":"wp","href":"https:\/\/api.w.org\/{rel}","templated":true}]}}