{"id":9,"date":"2015-01-24T16:10:40","date_gmt":"2015-01-24T16:10:40","guid":{"rendered":"https:\/\/biofood.se\/?page_id=9"},"modified":"2026-01-09T00:38:54","modified_gmt":"2026-01-08T23:38:54","slug":"ekologiskt","status":"publish","type":"page","link":"https:\/\/biofood.se\/en\/vara-produkter\/ekologiskt\/","title":{"rendered":"Organic"},"content":{"rendered":"<p>Our assortment consists of lots of organic and natural products and we are constantly striving to find more products that leave a green footprint and that are good for both people and the environment.<br><strong><a href=\"https:\/\/butik.biofood.se\/\" target=\"_blank\" rel=\"noreferrer noopener\">Click here to get to our webshop!<\/a><\/strong> Here you can search for organic products that you are looking for and maybe discover new friends for the kitchen!<\/p>\n\n\n\n<p><\/p>","protected":false},"excerpt":{"rendered":"<p>V\u00e5rt sortiment best\u00e5r av massor av ekologiska och naturliga produkter och vi str\u00e4var hela tiden efter att hitta fler produkter som l\u00e4mnar gr\u00f6na avtryck och som g\u00f6r gott b\u00e5de f\u00f6r m\u00e4nniska och milj\u00f6.Klicka h\u00e4r s\u00e5 kommer du till v\u00e5r webbshop! H\u00e4r kan du s\u00f6ka efter ekologiska produkter som du letar efter och kanske uppt\u00e4cka nya [&hellip;]<\/p>\n","protected":false},"author":13,"featured_media":0,"parent":5,"menu_order":2,"comment_status":"open","ping_status":"open","template":"","meta":{"footnotes":""},"class_list":["post-9","page","type-page","status-publish","hentry"],"_links":{"self":[{"href":"https:\/\/biofood.se\/en\/wp-json\/wp\/v2\/pages\/9","targetHints":{"allow":["GET"]}}],"collection":[{"href":"https:\/\/biofood.se\/en\/wp-json\/wp\/v2\/pages"}],"about":[{"href":"https:\/\/biofood.se\/en\/wp-json\/wp\/v2\/types\/page"}],"author":[{"embeddable":true,"href":"https:\/\/biofood.se\/en\/wp-json\/wp\/v2\/users\/13"}],"replies":[{"embeddable":true,"href":"https:\/\/biofood.se\/en\/wp-json\/wp\/v2\/comments?post=9"}],"version-history":[{"count":35,"href":"https:\/\/biofood.se\/en\/wp-json\/wp\/v2\/pages\/9\/revisions"}],"predecessor-version":[{"id":29254,"href":"https:\/\/biofood.se\/en\/wp-json\/wp\/v2\/pages\/9\/revisions\/29254"}],"up":[{"embeddable":true,"href":"https:\/\/biofood.se\/en\/wp-json\/wp\/v2\/pages\/5"}],"wp:attachment":[{"href":"https:\/\/biofood.se\/en\/wp-json\/wp\/v2\/media?parent=9"}],"curies":[{"name":"wp","href":"https:\/\/api.w.org\/{rel}","templated":true}]}}