{"id":9748,"date":"2020-06-04T16:46:23","date_gmt":"2020-06-04T14:46:23","guid":{"rendered":"https:\/\/biofood.se\/?page_id=9748"},"modified":"2020-06-04T16:46:23","modified_gmt":"2020-06-04T14:46:23","slug":"varfor-koper-ni-produkter-fran-kina","status":"publish","type":"page","link":"https:\/\/biofood.se\/en\/vanliga-fragor\/varfor-koper-ni-produkter-fran-kina\/","title":{"rendered":"Varf\u00f6r k\u00f6per ni produkter fr\u00e5n Kina?"},"content":{"rendered":"<p>Vi st\u00f6ttar sedan l\u00e4nge ett eko-projekt i Kina som vi vet g\u00f6r v\u00e4ldigt mycket gott f\u00f6r naturen, m\u00e4nniskor och djur i Kina. Vi bed\u00f6mer att det \u00e4r viktigt att st\u00f6tta projektet f\u00f6r att samtidigt st\u00f6tta Kinas utveckling f\u00f6r ett mer ekologiskt jordbruk som \u00e4r viktigt \u00f6ver hela jorden.<\/p>\n<p>Regionen d\u00e4r vi st\u00f6ttar eko-projektet ligger i den nord\u00f6stra delen av Kina d\u00e4r jordbruk \u00e4r det viktigaste s\u00e4ttet att leva p\u00e5. Ett omfattande omr\u00e5de i regionen anv\u00e4nder sig av ekologiskt jordbruk, som i sin tur \u00e4r omgivet av stora buffertzoner.<\/p>\n<p>Eko-projektet \u00e4r v\u00e4l utvecklat och kontrollerat enligt europeiska ekologiska standarder. De ekologiska g\u00e5rdarna har utvecklat naturliga metoder f\u00f6r skadedjursbek\u00e4mpning, och kompost fr\u00e5n det ekologiska jordbruket anv\u00e4nds.<\/p>","protected":false},"excerpt":{"rendered":"<p>Vi st\u00f6ttar sedan l\u00e4nge ett eko-projekt i Kina som vi vet g\u00f6r v\u00e4ldigt mycket gott f\u00f6r naturen, m\u00e4nniskor och djur i Kina. Vi bed\u00f6mer att det \u00e4r viktigt att st\u00f6tta projektet f\u00f6r att samtidigt st\u00f6tta Kinas utveckling f\u00f6r ett mer ekologiskt jordbruk som \u00e4r viktigt \u00f6ver hela jorden. Regionen d\u00e4r vi st\u00f6ttar eko-projektet ligger i [&hellip;]<\/p>\n","protected":false},"author":8,"featured_media":0,"parent":25,"menu_order":0,"comment_status":"closed","ping_status":"closed","template":"","meta":{"footnotes":""},"class_list":["post-9748","page","type-page","status-publish","hentry"],"_links":{"self":[{"href":"https:\/\/biofood.se\/en\/wp-json\/wp\/v2\/pages\/9748","targetHints":{"allow":["GET"]}}],"collection":[{"href":"https:\/\/biofood.se\/en\/wp-json\/wp\/v2\/pages"}],"about":[{"href":"https:\/\/biofood.se\/en\/wp-json\/wp\/v2\/types\/page"}],"author":[{"embeddable":true,"href":"https:\/\/biofood.se\/en\/wp-json\/wp\/v2\/users\/8"}],"replies":[{"embeddable":true,"href":"https:\/\/biofood.se\/en\/wp-json\/wp\/v2\/comments?post=9748"}],"version-history":[{"count":2,"href":"https:\/\/biofood.se\/en\/wp-json\/wp\/v2\/pages\/9748\/revisions"}],"predecessor-version":[{"id":9750,"href":"https:\/\/biofood.se\/en\/wp-json\/wp\/v2\/pages\/9748\/revisions\/9750"}],"up":[{"embeddable":true,"href":"https:\/\/biofood.se\/en\/wp-json\/wp\/v2\/pages\/25"}],"wp:attachment":[{"href":"https:\/\/biofood.se\/en\/wp-json\/wp\/v2\/media?parent=9748"}],"curies":[{"name":"wp","href":"https:\/\/api.w.org\/{rel}","templated":true}]}}